{"id":2527,"date":"2022-05-04T09:39:31","date_gmt":"2022-05-04T07:39:31","guid":{"rendered":"https:\/\/plummebeauty.com\/?page_id=2527"},"modified":"2022-05-04T09:39:32","modified_gmt":"2022-05-04T07:39:32","slug":"privaatsuspoliitika","status":"publish","type":"page","link":"https:\/\/plummebeauty.com\/et\/privaatsuspoliitika\/","title":{"rendered":"PRIVAATSUSPOLIITIKA"},"content":{"rendered":"<p>K\u00e4esolevas dokumendis nimetatakse Plumme Beauty O\u00dc-d Meie Ettev\u00f5tteks. K\u00e4esolev privaatsuspoliitika selgitab, kuidas Meie Ettev\u00f5te kasutab teie poolt meie veebilehe kasutamisel teie k\u00e4est kogutud isikuandmeid. Isikuandmed on teave, mis puudutab teid kui f\u00fc\u00fcsilist isikut, see t\u00e4hendab andmesubjekti, mille kaudu teid identifitseeritakse v\u00f5i tuvastatakse.<\/p><p>K\u00e4esoleva privaatsuspoliitikaga reguleeritakse j\u00e4rgmiseid teemasid:<\/p><ul class=\"wp-block-list\"><li>Milliseid andmeid me kogume?<\/li><li>Kuidas me teie andmeid kogume?<\/li><li>Kuidas me teie andmeid kasutame?<\/li><li>Kuidas me teie andmeid salvestame?<\/li><li>Turundus<\/li><li>Millised on teie andmekaitse \u00f5igused?<\/li><li>Mis on k\u00fcpsised?<\/li><li>Kuidas me k\u00fcpsiseid kasutame?<\/li><li>Mis t\u00fc\u00fcpi k\u00fcpsiseid me kasutame?<\/li><li>Kuidas oma k\u00fcpsiseid hallata<\/li><li>Teiste veebisaitide privaatsuspoliitika<\/li><li>Muudatused meie privaatsuspoliitikas<\/li><li>Kuidas meiega \u00fchendust v\u00f5tta?<\/li><li>Kuidas p\u00f6\u00f6rduda j\u00e4relevalvet teostavate ametiasutuste poole?<\/li><\/ul><h3 class=\"wp-block-heading\">MILLISEID ANDMEID ME KOGUME?<\/h3><p>Meie Ettev\u00f5te kogub j\u00e4rgmisi andmeid:<\/p><ul class=\"wp-block-list\"><li><strong>isikut tuvastavad andmed<\/strong>, n\u00e4iteks: ees- ja perekonnanimi, s\u00fcnniaeg, isikut t\u00f5endavad dokumendid jne;<\/li><li><strong>kontaktandmed<\/strong>, n\u00e4iteks: e-posti aadress, aadress, telefoninumber jne;<\/li><li><strong>kommunikatsioon<\/strong>, n\u00e4iteks: e-posti teel kogutud teave.<\/li><\/ul><h3 class=\"wp-block-heading\">KUIDAS ME TEIE ANDMEID KOGUME?<\/h3><p>Teie esitate otse Meie Ettev\u00f5ttele suurema osa meie poolt kogutavatest andmetest. Kogume ja t\u00f6\u00f6tleme teie andmeid, kui:<\/p><ul class=\"wp-block-list\"><li>Te registreerute veebis v\u00f5i tellite m\u00f5ne meie toote v\u00f5i teenuse;<\/li><li>Te t\u00e4idate vabatahtlikult kliendik\u00fcsitluse v\u00f5i annate tagasisidet meie vastusakna v\u00f5i e-posti teel;<\/li><li>Te kasutate v\u00f5i vaatate meie veebilehte oma brauseri k\u00fcpsiste kaudu.<\/li><\/ul><p>Isikuandmete kogumisel juhindume me Eesti ja Euroopa Liidu \u00f5igusaktides kehtestatud p\u00f5him\u00f5tetest, nt. minimalismi ja sihip\u00e4rasuse p\u00f5him\u00f5tted.<\/p><p>R\u00f5hutame, et isikuandmete kogumine ei ole meie eesm\u00e4rk, kuid need v\u00f5ivad meile teatavaks saada kauba m\u00fc\u00fcgi ja teenuse osutamise k\u00e4igus ning ka n\u00e4iteks juhul, kui saadate meile vastavad andmed mis tahes viisil.<\/p><h3 class=\"wp-block-heading\">KUIDAS ME TEIE ANDMEID KASUTAME?<\/h3><p>Meie Ettev\u00f5te kogub teie andmeid, et saaksime:<\/p><ul class=\"wp-block-list\"><li>T\u00f6\u00f6tleda teie tellimust, korraldada kauba tarne ja hallata teie kontot;<\/li><li>Saata teile e-postiga teavet uute toodete, infolehtede ja muude toodete ja teenuste eripakkumiste kohta, mis v\u00f5ivad teile huvi pakkuda.<\/li><\/ul><p>Kui n\u00f5ustute, siis jagab Meie Ettev\u00f5te teie andmeid meie partnerettev\u00f5tetega (n\u00e4iteks kauba eest tasumiseks makseteenuse osutamine v\u00f5i logistikateenused kauba tarneks), et nad saaksid teile pakkuda oma tooteid ja teenuseid.<\/p><p>Kui Meie Ettev\u00f5te t\u00f6\u00f6tleb teie tellimust, v\u00f5ime ma pettuste v\u00e4ltimiseks edastada teie andmed krediiditeenuse osutajale ja kasutada selle t\u00f5kestamiseks ka saadud teavet. Meie Ettev\u00f5te vastutab isikuandmete t\u00f6\u00f6tlemise eest. Krediitkaartide ja KEVIN EU, UAB pangalinkide kasutamise korral edastab Meie Ettev\u00f5te andmete t\u00f6\u00f6tlejale maksete tegemiseks vajalikud teie poolt sisestatud isikuandmed. Kauba kohaletoimetamiseks teie soovitud sihtkohta peame edastama m\u00f5ned isikuandmed ka transporditeenuse pakkujale.<\/p><h3 class=\"wp-block-heading\">KUIDAS ME TEIE ANDMEID SALVESTAME?<\/h3><p>Meie Ettev\u00f5te salvestab teie andmeid turvaliselt meie rajatistes v\u00f5i teenusepakkujate ruumides, mis asuvad k\u00f5ik EMP (Euroopa Majanduspiirkonna) territooriumil.<\/p><p>Kui olete meile oma n\u00f5usoleku andmete t\u00f6\u00f6tlemiseks andnud, siis v\u00f5ite oma n\u00f5usoleku igal ajal tagasi v\u00f5tta. Sellistel juhtudel loetakse kogu andmet\u00f6\u00f6tlus, mis on toimunud enne teie n\u00f5usoleku t\u00fchistamist, \u00f5iguslikult vastavaks. Oma n\u00f5usoleku t\u00fchistamiseks v\u00f5ite meie e-teenuse tellimusest loobumiseks kl\u00f5psata meilt saadud kirjas oleval lingil. Samuti saate oma kasutajakontol sobivaid s\u00e4tteid muuta v\u00f5i saata kiri n\u00f5usoleku tagasiv\u00f5tmiseks Meie Ettev\u00f5tte e-posti aadressile&nbsp;<a href=\"mailto:customersupport@plummebeauty.com\">customersupport@plummebeauty.com<\/a>. Kui saadate meile s\u00f5numi, milles teatate, et te ei soovi enam meilt e-kirju saada, ei saada me teie m\u00e4rgitud e-posti aadressile t\u00e4iendavaid e-kirju.<\/p><h3 class=\"wp-block-heading\">TURUNDUS<\/h3><p>Meie Ettev\u00f5te soovib saata teile teavet meie ja meie partnerettev\u00f5tete toodete ja teenuste kohta, mis v\u00f5ivad teile huvi pakkuda.<\/p><p>Kui olete n\u00f5ustunud turundusteabe saamisega, v\u00f5ite sellest alati hiljem loobuda.<\/p><p>Teil on igal ajal \u00f5igus takistada Meie Ettev\u00f5ttel turunduseesm\u00e4rkidel teiega \u00fchendust v\u00f5tmast.<\/p><p>Kui te ei soovi, et me turunduslikel eesm\u00e4rkidel enam teiega \u00fchendust v\u00f5taksime, saatke palun vastavasisulise sooviga e-kiri aadressile&nbsp;<a href=\"mailto:customersupport@plummebeauty.com\">customersupport@plummebeauty.com<\/a>&nbsp;v\u00f5i t\u00fchistage tellimus, kasutades meie saadetud e-kirjas olevat linki.<\/p><h3 class=\"wp-block-heading\">MILLISED ON TEIE \u00d5IGUSED OMA ANDMETE KAITSEKS?<\/h3><p>Meie Ettev\u00f5te soovib olla kindel, et olete k\u00f5igist oma andmekaitse \u00f5igustest t\u00e4ielikult teadlik. Igal kasutajal on \u00f5igus j\u00e4rgmisele:<\/p><p><strong>Juurdep\u00e4\u00e4su\u00f5igus<\/strong>&nbsp;\u2013 teil on \u00f5igus taotleda Meie Ettev\u00f5ttelt teie isikuandmete koopiaid. P\u00f5hjendatud juhul v\u00f5ime selle tagamise eest k\u00fcsida v\u00e4ikest tasu.<\/p><p><strong>\u00d5igus andmete parandamisele<\/strong>&nbsp;\u2013 teil on \u00f5igus n\u00f5uda, et Meie Ettev\u00f5te parandaks teie hinnangul ebat\u00e4pset teavet. Samuti on teil \u00f5igus paluda Meie Ettev\u00f5ttel t\u00e4ita teie arvates puudulikku teavet.<\/p><p><strong>\u00d5igus andmete kustutamisele<\/strong>&nbsp;\u2013 teil on \u00f5igus n\u00f5uda, et Meie Ettev\u00f5te kustutaks teie isikuandmed.<\/p><p><strong>\u00d5igus taotleda teie andmete t\u00f6\u00f6tlemise piiramist<\/strong>&nbsp;\u2013 teil on \u00f5igus n\u00f5uda, et Meie Ettev\u00f5te piiraks teie isikuandmete t\u00f6\u00f6tlemist teatud tingimustel.<\/p><p><strong>\u00d5igus esitada teie andmete t\u00f6\u00f6tlemisele vastuv\u00e4iteid<\/strong>&nbsp;\u2013 teil on teatud tingimustel \u00f5igus esitada vastuv\u00e4iteid sellele, kuidas Meie Ettev\u00f5te t\u00f6\u00f6tleb teie isikuandmeid.<\/p><p><strong>\u00d5igus andmete teisaldamisele<\/strong>&nbsp;\u2013 teil on \u00f5igus n\u00f5uda, et Meie Ettev\u00f5te edastaks teatud tingimustel kogutud andmeid teisele organisatsioonile v\u00f5i otse teile.<\/p><p>Kui esitate m\u00f5ne eelkirjeldatud taotluse, siis kohustume teie taotlusele vastama esimesel v\u00f5imalusel, kuid hiljemalt \u00fche kuu jooksul arvates taotluse esitamisest. Kui soovite m\u00f5nda neist \u00f5igustest kasutada, v\u00f5tke palun meiega \u00fchendust e-posti aadressil&nbsp;<a href=\"mailto:customersupport@plummebeauty.com\">customersupport@plummebeauty.com<\/a>.<\/p><h3 class=\"wp-block-heading\">K\u00dcPSISED<\/h3><p>K\u00fcpsised on teie arvutisse paigutatud tekstifailid, et koguda standardset Interneti-logi teavet ja k\u00fclastajate k\u00e4itumisteavet. Kui k\u00fclastate meie veebilehte, v\u00f5ime koguda teilt teavet automaatselt k\u00fcpsiste v\u00f5i muu sarnase tehnoloogia kaudu<\/p><p>Lisateabe saamiseks k\u00fclastage veebisaiti allaboutcookies.org.<\/p><h3 class=\"wp-block-heading\">KUIDAS ME K\u00dcPSISEID KASUTAME?<\/h3><p>Meie Ettev\u00f5te kasutab k\u00fcpsiseid teie veebilehe kasutuskogemuse parandamiseks mitmel viisil, sealhulgas:<\/p><ul class=\"wp-block-list\"><li>Sisselogituna hoidmine;<\/li><li>M\u00f5istmine, millisel viisil te meie veebilehte kasutate.<\/li><\/ul><h3 class=\"wp-block-heading\">MIS T\u00dc\u00dcPI K\u00dcPSISEID ME KASUTAME?<\/h3><p>K\u00fcpsiseid on mitut t\u00fc\u00fcpi, kuid meie veebileht kasutab:<\/p><ul class=\"wp-block-list\"><li>Funktsionaalsus \u2013 Meie Ettev\u00f5te kasutab selliseid k\u00fcpsiseid, et me teid oma veebilehte k\u00fclastades \u00e4ra tunneksime ja seel\u00e4bi teie varasemalt valitud eelistusi meelde j\u00e4taksime. Need v\u00f5ivad h\u00f5lmata eelistatavat keelt ja asukohta.<\/li><li>Reklaam \u2013 Meie Ettev\u00f5te kasutab neid k\u00fcpsiseid teabe kogumiseks veebilehe k\u00fclastuse, vaadatud sisu, j\u00e4lgitud linkide ning teie brauseri, seadme ja IP-aadressi kohta. Meie Ettev\u00f5te jagab reklaami eesm\u00e4rgil m\u00f5nikord ka kolmandatele isikutele nende andmete piiratud aspekte. V\u00f5ime k\u00fcpsiste kaudu kogutud veebiandmeid jagada ka oma reklaamiteenust osutvaate partneritega. See t\u00e4hendab, et kui k\u00fclastate m\u00f5nda muud veebilehte, siis v\u00f5idakse teile kuvada reklaame, mis on ajendatud meie veebilehe varasemast k\u00fclastamisest tingitud sisust.<\/li><\/ul><h3 class=\"wp-block-heading\">KUIDAS HALLATA K\u00dcPSISEID?<\/h3><p>Te saate oma brauseri seadistada k\u00fcpsiseid mitte aktsepteerima ja selle tarbeks abistab teid eelviidatud veebileht, kuidas k\u00fcpsiseid oma brauserist eemaldada. M\u00f5nel juhul ei pruugi aga m\u00f5ned meie veebilehe funktsioonid seet\u00f5ttu toimida.<\/p><h3 class=\"wp-block-heading\">GOOGLE ANALYTICS<\/h3><p>Meie veebileht sisaldab Google Analyticsi veebikasutuse anal\u00fc\u00fcsi t\u00f6\u00f6riista, mis kogub teavet veebilehel olevate kasutajate kohta. N\u00e4iteks kasutaja riist- ja tarkvara kasutamist ning sirvimist ja lehtedel p\u00fcsimist.<\/p><h3 class=\"wp-block-heading\">MUUDE VEEBILEHTEDE PRIVAATSUSEESKIRJAD<\/h3><p>Meie Ettev\u00f5tte veebileht v\u00f5ib sisaldada linke teistele veebilehtedele. K\u00e4esolev privaatsuspoliitika kehtib ainult Meie Ettev\u00f5tte veebilehe kohta, seega kui kl\u00f5psate m\u00f5ne teise veebilehe lingil, peaksite andmekaitse eesm\u00e4rkidel tutvuma nende privaatsuseeskirjadega.<\/p><h3 class=\"wp-block-heading\">MUUDATUSED MEIE PRIVAATSUSEESKIRJADES<\/h3><p>Meie Ettev\u00f5te j\u00e4lgib regulaarselt oma privaatsuspoliitikat ja lisab sellele veebilehele vastavalt vajadusele v\u00e4rskendusi. Seda privaatsuspoliitikat v\u00e4rskendati viimati 20. mail 2021.<\/p><h3 class=\"wp-block-heading\">KUIDAS MEIEGA \u00dcHENDUST V\u00d5TTA?<\/h3><p>Kui teil on k\u00fcsimusi Meie Ettev\u00f5tte privaatsuspoliitika, teid puudutavate andmete kohta v\u00f5i kui soovite kasutada m\u00f5nda oma andmekaitsealast \u00f5igust, v\u00f5tke meiega kindlasti \u00fchendust.<\/p><p>Saatke meile e-kiri:&nbsp;<a href=\"mailto:customersupport@plummebeauty.com\">customersupport@plummebeauty.com<\/a>&nbsp;<\/p><p>v\u00f5i kirjutage meile aadressil: Narva mnt 7b, 10117 Tallinn, Eesti<\/p><h3 class=\"wp-block-heading\">KUIDAS P\u00d6\u00d6RDUDA J\u00c4RELEVALVET TEOSTAVATE AMETIASUTUSTE POOLE?<\/h3><p>Kui soovite kaebusest teatada v\u00f5i kui tunnete, et Meie Ettev\u00f5te ei ole teie muret rahuldavalt lahendanud, v\u00f5ite p\u00f6\u00f6rduda Andmekaitse Inspektsiooni poole:&nbsp;<a href=\"http:\/\/www.aki.ee\/et\">www.aki.ee\/et<\/a>.<\/p>","protected":false},"excerpt":{"rendered":"<p>K\u00e4esolevas dokumendis nimetatakse Plumme Beauty O\u00dc-d Meie Ettev\u00f5tteks. K\u00e4esolev privaatsuspoliitika selgitab, kuidas Meie Ettev\u00f5te kasutab teie poolt meie veebilehe kasutamisel teie k\u00e4est kogutud isikuandmeid. Isikuandmed on teave, mis puudutab teid kui f\u00fc\u00fcsilist isikut, see t\u00e4hendab andmesubjekti, mille kaudu teid identifitseeritakse v\u00f5i tuvastatakse. K\u00e4esoleva privaatsuspoliitikaga reguleeritakse [&hellip;]<\/p>\n","protected":false},"author":1,"featured_media":0,"parent":0,"menu_order":0,"comment_status":"closed","ping_status":"closed","template":"","meta":{"_acf_changed":false,"_uag_custom_page_level_css":"","site-sidebar-layout":"default","site-content-layout":"","ast-site-content-layout":"","site-content-style":"default","site-sidebar-style":"default","ast-global-header-display":"","ast-banner-title-visibility":"","ast-main-header-display":"","ast-hfb-above-header-display":"","ast-hfb-below-header-display":"","ast-hfb-mobile-header-display":"","site-post-title":"","ast-breadcrumbs-content":"","ast-featured-img":"","footer-sml-layout":"","theme-transparent-header-meta":"","adv-header-id-meta":"","stick-header-meta":"","header-above-stick-meta":"","header-main-stick-meta":"","header-below-stick-meta":"","astra-migrate-meta-layouts":"default","ast-page-background-enabled":"default","ast-page-background-meta":{"desktop":{"background-color":"var(--ast-global-color-4)","background-image":"","background-repeat":"repeat","background-position":"center center","background-size":"auto","background-attachment":"scroll","background-type":"","background-media":"","overlay-type":"","overlay-color":"","overlay-opacity":"","overlay-gradient":""},"tablet":{"background-color":"","background-image":"","background-repeat":"repeat","background-position":"center center","background-size":"auto","background-attachment":"scroll","background-type":"","background-media":"","overlay-type":"","overlay-color":"","overlay-opacity":"","overlay-gradient":""},"mobile":{"background-color":"","background-image":"","background-repeat":"repeat","background-position":"center center","background-size":"auto","background-attachment":"scroll","background-type":"","background-media":"","overlay-type":"","overlay-color":"","overlay-opacity":"","overlay-gradient":""}},"ast-content-background-meta":{"desktop":{"background-color":"var(--ast-global-color-5)","background-image":"","background-repeat":"repeat","background-position":"center center","background-size":"auto","background-attachment":"scroll","background-type":"","background-media":"","overlay-type":"","overlay-color":"","overlay-opacity":"","overlay-gradient":""},"tablet":{"background-color":"var(--ast-global-color-5)","background-image":"","background-repeat":"repeat","background-position":"center center","background-size":"auto","background-attachment":"scroll","background-type":"","background-media":"","overlay-type":"","overlay-color":"","overlay-opacity":"","overlay-gradient":""},"mobile":{"background-color":"var(--ast-global-color-5)","background-image":"","background-repeat":"repeat","background-position":"center center","background-size":"auto","background-attachment":"scroll","background-type":"","background-media":"","overlay-type":"","overlay-color":"","overlay-opacity":"","overlay-gradient":""}},"footnotes":""},"class_list":["post-2527","page","type-page","status-publish","hentry"],"acf":[],"yoast_head":"<!-- This site is optimized with the Yoast SEO plugin v24.7 - https:\/\/yoast.com\/wordpress\/plugins\/seo\/ -->\n<title>PRIVAATSUSPOLIITIKA | Plumm\u00e9 Beauty<\/title>\n<meta name=\"robots\" content=\"index, follow, max-snippet:-1, max-image-preview:large, max-video-preview:-1\" \/>\n<link rel=\"canonical\" href=\"https:\/\/plummebeauty.com\/et\/privaatsuspoliitika\/\" \/>\n<meta property=\"og:locale\" content=\"et_EE\" \/>\n<meta property=\"og:type\" content=\"article\" \/>\n<meta property=\"og:title\" content=\"PRIVAATSUSPOLIITIKA | Plumm\u00e9 Beauty\" \/>\n<meta property=\"og:description\" content=\"K\u00e4esolevas dokumendis nimetatakse Plumme Beauty O\u00dc-d Meie Ettev\u00f5tteks. K\u00e4esolev privaatsuspoliitika selgitab, kuidas Meie Ettev\u00f5te kasutab teie poolt meie veebilehe kasutamisel teie k\u00e4est kogutud isikuandmeid. Isikuandmed on teave, mis puudutab teid kui f\u00fc\u00fcsilist isikut, see t\u00e4hendab andmesubjekti, mille kaudu teid identifitseeritakse v\u00f5i tuvastatakse. K\u00e4esoleva privaatsuspoliitikaga reguleeritakse [&hellip;]\" \/>\n<meta property=\"og:url\" content=\"https:\/\/plummebeauty.com\/et\/privaatsuspoliitika\/\" \/>\n<meta property=\"og:site_name\" content=\"Plumm\u00e9 Beauty\" \/>\n<meta property=\"article:publisher\" content=\"https:\/\/www.facebook.com\/plummebeauty\" \/>\n<meta property=\"article:modified_time\" content=\"2022-05-04T07:39:32+00:00\" \/>\n<meta name=\"twitter:card\" content=\"summary_large_image\" \/>\n<meta name=\"twitter:label1\" content=\"Est. reading time\" \/>\n\t<meta name=\"twitter:data1\" content=\"7 minutit\" \/>\n<script type=\"application\/ld+json\" class=\"yoast-schema-graph\">{\"@context\":\"https:\/\/schema.org\",\"@graph\":[{\"@type\":\"WebPage\",\"@id\":\"https:\/\/plummebeauty.com\/et\/privaatsuspoliitika\/\",\"url\":\"https:\/\/plummebeauty.com\/et\/privaatsuspoliitika\/\",\"name\":\"PRIVAATSUSPOLIITIKA | Plumm\u00e9 Beauty\",\"isPartOf\":{\"@id\":\"https:\/\/plummebeauty.com\/et\/#website\"},\"datePublished\":\"2022-05-04T07:39:31+00:00\",\"dateModified\":\"2022-05-04T07:39:32+00:00\",\"breadcrumb\":{\"@id\":\"https:\/\/plummebeauty.com\/et\/privaatsuspoliitika\/#breadcrumb\"},\"inLanguage\":\"et\",\"potentialAction\":[{\"@type\":\"ReadAction\",\"target\":[\"https:\/\/plummebeauty.com\/et\/privaatsuspoliitika\/\"]}]},{\"@type\":\"BreadcrumbList\",\"@id\":\"https:\/\/plummebeauty.com\/et\/privaatsuspoliitika\/#breadcrumb\",\"itemListElement\":[{\"@type\":\"ListItem\",\"position\":1,\"name\":\"Home\",\"item\":\"https:\/\/plummebeauty.com\/et\/\"},{\"@type\":\"ListItem\",\"position\":2,\"name\":\"PRIVAATSUSPOLIITIKA\"}]},{\"@type\":\"WebSite\",\"@id\":\"https:\/\/plummebeauty.com\/et\/#website\",\"url\":\"https:\/\/plummebeauty.com\/et\/\",\"name\":\"Plumm\u00e9 Beauty | Pure Plum Beauty Oil\",\"description\":\"Pure Plum Beauty Oil for Your Skin &amp; Hair\",\"publisher\":{\"@id\":\"https:\/\/plummebeauty.com\/et\/#organization\"},\"potentialAction\":[{\"@type\":\"SearchAction\",\"target\":{\"@type\":\"EntryPoint\",\"urlTemplate\":\"https:\/\/plummebeauty.com\/et\/?s={search_term_string}\"},\"query-input\":{\"@type\":\"PropertyValueSpecification\",\"valueRequired\":true,\"valueName\":\"search_term_string\"}}],\"inLanguage\":\"et\"},{\"@type\":\"Organization\",\"@id\":\"https:\/\/plummebeauty.com\/et\/#organization\",\"name\":\"Plumm\u00e9 Beauty | Pure Plum Beauty Oil\",\"url\":\"https:\/\/plummebeauty.com\/et\/\",\"logo\":{\"@type\":\"ImageObject\",\"inLanguage\":\"et\",\"@id\":\"https:\/\/plummebeauty.com\/et\/#\/schema\/logo\/image\/\",\"url\":\"https:\/\/plummebeauty.com\/wp-content\/uploads\/plummelogo.svg\",\"contentUrl\":\"https:\/\/plummebeauty.com\/wp-content\/uploads\/plummelogo.svg\",\"caption\":\"Plumm\u00e9 Beauty | Pure Plum Beauty Oil\"},\"image\":{\"@id\":\"https:\/\/plummebeauty.com\/et\/#\/schema\/logo\/image\/\"},\"sameAs\":[\"https:\/\/www.facebook.com\/plummebeauty\",\"https:\/\/instagram.com\/plummebeauty\"]}]}<\/script>\n<!-- \/ Yoast SEO plugin. -->","yoast_head_json":{"title":"PRIVAATSUSPOLIITIKA | Plumm\u00e9 Beauty","robots":{"index":"index","follow":"follow","max-snippet":"max-snippet:-1","max-image-preview":"max-image-preview:large","max-video-preview":"max-video-preview:-1"},"canonical":"https:\/\/plummebeauty.com\/et\/privaatsuspoliitika\/","og_locale":"et_EE","og_type":"article","og_title":"PRIVAATSUSPOLIITIKA | Plumm\u00e9 Beauty","og_description":"K\u00e4esolevas dokumendis nimetatakse Plumme Beauty O\u00dc-d Meie Ettev\u00f5tteks. K\u00e4esolev privaatsuspoliitika selgitab, kuidas Meie Ettev\u00f5te kasutab teie poolt meie veebilehe kasutamisel teie k\u00e4est kogutud isikuandmeid. Isikuandmed on teave, mis puudutab teid kui f\u00fc\u00fcsilist isikut, see t\u00e4hendab andmesubjekti, mille kaudu teid identifitseeritakse v\u00f5i tuvastatakse. K\u00e4esoleva privaatsuspoliitikaga reguleeritakse [&hellip;]","og_url":"https:\/\/plummebeauty.com\/et\/privaatsuspoliitika\/","og_site_name":"Plumm\u00e9 Beauty","article_publisher":"https:\/\/www.facebook.com\/plummebeauty","article_modified_time":"2022-05-04T07:39:32+00:00","twitter_card":"summary_large_image","twitter_misc":{"Est. reading time":"7 minutit"},"schema":{"@context":"https:\/\/schema.org","@graph":[{"@type":"WebPage","@id":"https:\/\/plummebeauty.com\/et\/privaatsuspoliitika\/","url":"https:\/\/plummebeauty.com\/et\/privaatsuspoliitika\/","name":"PRIVAATSUSPOLIITIKA | Plumm\u00e9 Beauty","isPartOf":{"@id":"https:\/\/plummebeauty.com\/et\/#website"},"datePublished":"2022-05-04T07:39:31+00:00","dateModified":"2022-05-04T07:39:32+00:00","breadcrumb":{"@id":"https:\/\/plummebeauty.com\/et\/privaatsuspoliitika\/#breadcrumb"},"inLanguage":"et","potentialAction":[{"@type":"ReadAction","target":["https:\/\/plummebeauty.com\/et\/privaatsuspoliitika\/"]}]},{"@type":"BreadcrumbList","@id":"https:\/\/plummebeauty.com\/et\/privaatsuspoliitika\/#breadcrumb","itemListElement":[{"@type":"ListItem","position":1,"name":"Home","item":"https:\/\/plummebeauty.com\/et\/"},{"@type":"ListItem","position":2,"name":"PRIVAATSUSPOLIITIKA"}]},{"@type":"WebSite","@id":"https:\/\/plummebeauty.com\/et\/#website","url":"https:\/\/plummebeauty.com\/et\/","name":"Plumm\u00e9 Beauty | Pure Plum Beauty Oil","description":"Pure Plum Beauty Oil for Your Skin &amp; Hair","publisher":{"@id":"https:\/\/plummebeauty.com\/et\/#organization"},"potentialAction":[{"@type":"SearchAction","target":{"@type":"EntryPoint","urlTemplate":"https:\/\/plummebeauty.com\/et\/?s={search_term_string}"},"query-input":{"@type":"PropertyValueSpecification","valueRequired":true,"valueName":"search_term_string"}}],"inLanguage":"et"},{"@type":"Organization","@id":"https:\/\/plummebeauty.com\/et\/#organization","name":"Plumm\u00e9 Beauty | Pure Plum Beauty Oil","url":"https:\/\/plummebeauty.com\/et\/","logo":{"@type":"ImageObject","inLanguage":"et","@id":"https:\/\/plummebeauty.com\/et\/#\/schema\/logo\/image\/","url":"https:\/\/plummebeauty.com\/wp-content\/uploads\/plummelogo.svg","contentUrl":"https:\/\/plummebeauty.com\/wp-content\/uploads\/plummelogo.svg","caption":"Plumm\u00e9 Beauty | Pure Plum Beauty Oil"},"image":{"@id":"https:\/\/plummebeauty.com\/et\/#\/schema\/logo\/image\/"},"sameAs":["https:\/\/www.facebook.com\/plummebeauty","https:\/\/instagram.com\/plummebeauty"]}]}},"uagb_featured_image_src":{"full":false,"thumbnail":false,"medium":false,"medium_large":false,"large":false,"tf-client-image-size":false,"1536x1536":false,"2048x2048":false,"woocommerce_thumbnail":false,"woocommerce_single":false,"woocommerce_gallery_thumbnail":false},"uagb_author_info":{"display_name":"Raivo","author_link":"https:\/\/plummebeauty.com\/et\/author\/raivo\/"},"uagb_comment_info":0,"uagb_excerpt":"K\u00e4esolevas dokumendis nimetatakse Plumme Beauty O\u00dc-d Meie Ettev\u00f5tteks. K\u00e4esolev privaatsuspoliitika selgitab, kuidas Meie Ettev\u00f5te kasutab teie poolt meie veebilehe kasutamisel teie k\u00e4est kogutud isikuandmeid. Isikuandmed on teave, mis puudutab teid kui f\u00fc\u00fcsilist isikut, see t\u00e4hendab andmesubjekti, mille kaudu teid identifitseeritakse v\u00f5i tuvastatakse. K\u00e4esoleva privaatsuspoliitikaga reguleeritakse [&hellip;]","_links":{"self":[{"href":"https:\/\/plummebeauty.com\/et\/wp-json\/wp\/v2\/pages\/2527","targetHints":{"allow":["GET"]}}],"collection":[{"href":"https:\/\/plummebeauty.com\/et\/wp-json\/wp\/v2\/pages"}],"about":[{"href":"https:\/\/plummebeauty.com\/et\/wp-json\/wp\/v2\/types\/page"}],"author":[{"embeddable":true,"href":"https:\/\/plummebeauty.com\/et\/wp-json\/wp\/v2\/users\/1"}],"replies":[{"embeddable":true,"href":"https:\/\/plummebeauty.com\/et\/wp-json\/wp\/v2\/comments?post=2527"}],"version-history":[{"count":0,"href":"https:\/\/plummebeauty.com\/et\/wp-json\/wp\/v2\/pages\/2527\/revisions"}],"wp:attachment":[{"href":"https:\/\/plummebeauty.com\/et\/wp-json\/wp\/v2\/media?parent=2527"}],"curies":[{"name":"wp","href":"https:\/\/api.w.org\/{rel}","templated":true}]}}