{"id":2568,"date":"2022-01-25T16:52:03","date_gmt":"2022-01-25T14:52:03","guid":{"rendered":"https:\/\/plummebeauty.com\/terms-conditions\/"},"modified":"2022-05-04T15:18:55","modified_gmt":"2022-05-04T13:18:55","slug":"muugitingimused","status":"publish","type":"page","link":"https:\/\/plummebeauty.com\/et\/muugitingimused\/","title":{"rendered":"M\u00dc\u00dcGITINGIMUSED"},"content":{"rendered":"<p>Veebipoe&nbsp;<a href=\"http:\/\/www.plummebeauty.com\/\">www.plummebeauty.com<\/a>&nbsp;(edaspidi&nbsp;<strong>Veebipood<\/strong>) omanik on Plumme Beauty O\u00dc (registrikood 16181021), asukohaga Narva mnt 7b, Tallinn 10117 Eesti.<\/p><h3 class=\"wp-block-heading\">M\u00dc\u00dcGILEPINGU KEHTIVUS, TEAVE TOOTE JA HINNA KOHTA<\/h3><p>Veebipoest kaupade ostmisel kehtivad k\u00e4esolevad m\u00fc\u00fcgitingimused. Veebipoes m\u00fc\u00fcdavate toodete hinnad on m\u00e4rgitud toodete juurde. Hinnale lisandub saatmise tasu, kui ei ole m\u00e4rgitud teisiti. Saatmiskulu s\u00f5ltub ostja asukohast ja saatmisviisist. Saatekulu kuvatakse siis, kui ostja tellimuse esitab. Kui selgub, et kauba k\u00e4ttesaamiseks tuleb ostja sihtriigis tasuda t\u00e4iendavaid tolli- ja \/ v\u00f5i imporditollimakse, peab need tasuma ostja kauba k\u00e4ttesaamisel.<\/p><p>Hinnad on n\u00e4htavad eurodes (\u20ac), USA dollarites ($) v\u00f5i naelsterlingites (\u00a3).<\/p><p>Toote teave esitatakse veebipoes vahetult toote k\u00f5rval.<\/p><h3 class=\"wp-block-heading\">TELLIMUSE ESITAMINE<\/h3><p>Toodete tellimiseks lisage soovitud tooted oma ostukorvi. T\u00e4itke \u00e4ra k\u00f5ik n\u00f5utavad v\u00e4ljad ja valige tellimuse vormistamiseks k\u00f5ige sobivam saatmisviis. Seej\u00e4rel kuvatakse ekraanil kogumaksumus. Seda saab turvaliselt maksta PayPali v\u00f5i maksevahendusteenust pakkuva KEVIN EU, UAB pakutavate makseviiside kaudu. Siin on loetelu v\u00f5imalikest makseviisidest:<\/p><ul class=\"wp-block-list\"><li>Paypal<\/li><li>Visa \/ Mastercard<\/li><li>Krediitkaardimaksed<\/li><li>Eesti pangalingid (Swedbank, SEB, LHV, Luminor, Coop Pank, Pocopay, mTasku)<\/li><li>Soome pangalingid (Aktia, \u00c5landsbanken, Danske, Handelsbanken, Nordea, Oma S\u00e4\u00e4stopankki, Pohjola, POP Pankki, S-Pankki, S\u00e4\u00e4stopankki)<\/li><li>L\u00e4ti pangalingid (Swedbank, SEB, Citadele, Luminor)<\/li><li>Leedu pangalingid (Swedbank, SEB, Luminor)<\/li><\/ul><p>Kui makse toimub krediitkaardi v\u00f5i pangalingi kaudu, edastatakse maksete sooritamiseks vajalikud isikuandmed volitatud t\u00f6\u00f6tlejale KEVIN EU, UAB. M\u00fc\u00fcgileping j\u00f5ustub siis, kui tasumisele kuuluv summa kantakse Veebipoe pangakontole.<\/p><p>Kui me ei saa tellitud kaupa tarnida lao l\u00f5ppemise t\u00f5ttu v\u00f5i m\u00f5nel muul p\u00f5hjusel, teavitatakse sellest ostjat niipea kui v\u00f5imalik ning makstud raha (sh vajaduse korral saatekulu) tagastatakse viivitamata, kuid mitte hiljem kui 14 pangap\u00e4eva jooksul p\u00e4rast teate saamist.<\/p><h3 class=\"wp-block-heading\">SAATMINE<\/h3><p>Saadetise saatmishind s\u00f5ltub sihtriigist, toodete kogusest ja valikutest j\u00e4lgitava v\u00f5i j\u00e4lgimata saatmislahenduse vahel. Kaupu saadetakse j\u00e4rgmistesse riikidesse ja sihtkohtadesse (v.a. juhul kui saatmine on takistatud, mis juhul teavitatakse sellest ostjat): Afganistan, Albaania, Al\u017eeeria, Andorra, Angola, Antiqua ja Barbuda, Argentina, Armeenia, Aruba, Austraalia, Austria, Aserbaid\u017eaan, Bahama, Bahrein, Bangladesh, Barbados, Valgevene, Belgia, Belize, Benin, Bhutan, Boliivia, Bosnia ja Hertsegoviina, Botswana, Brasiilia, Brunei, Bulgaaria, Burkina Faso, Burundi, Kambod\u017ea, Kamerun, Kanada, Cabo Verde, Kesk-Aafrika Vabariik, T\u0161aad, T\u0161iili, Hiina, Colombia, Komoorid, Costa Rica, Horvaatia , K\u00fcpros, T\u0161ehhi Vabariik, Kongo Demokraatlik Vabariik, Kuuba, Taani, Djibouti, Dominica, Dominikaani Vabariik, Ecuador, Egiptus, El Salvador, Ekvatoriaal-Guinea, Eritrea, Eesti, Etioopia, F\u00e4\u00e4ri saared, Fid\u017ei, Soome, Prantsusmaa, Prantsuse Pol\u00fcneesia , Gabon, Gambia, Gruusia, Ghana, Gibraltar, Kreeka, Grenada, Guam, Guatemala, Guinea, Guinea-Bissau, Guyana, Haiti, Honduras, Hong Kong, Ungari, Island, India, Indoneesia, Iraan, Iraak, Iirimaa, Island Mees, Iisrael, Itaalia, Elevandiluurannik, Jamaica, Jaapan, Jersey, Jordaania, Kaza khstan, Kenya, Kiribati, Kuveit, K\u00f5rg\u00f5zstan, Laos, L\u00e4ti, Liibanon, Lesotho, Libeeria, Liib\u00fca, Liechtenstein, Leedu, Luksemburg, Aomen, Madagaskar, Malawi, Malaisia, Maldiivid, Mali, Malta, Marshalli saar, Martinique, Mauritaania, Mauritius , Mehhiko, Mikroneesia, Moldova, Monaco, Mongoolia, Montenegro, Maroko, Mosambiik, Myanmar, Namiibia, Nauru, Nepal, Holland, Uus-Kaledoonia, Uus-Meremaa, Nicaragua, Niger, Nigeeria, P\u00f5hja-Korea, P\u00f5hja-Makedoonia, Norra, Omaan, Pakistan , Palau (Belau), Panama, Paapua Uus-Guinea, Paraguay, Peruu, Filipiinid, Poola, Portugal, Puerto Rico, Katar, Kongo Vabariik, Rumeenia, Venemaa F\u00f6deratsioon, Rwanda, Samoa, San Marino, Sao Tome ja Principe, Saudi Araabia Araabia, Senegal, Serbia, Sei\u0161ellid, Sierra Leone, Singapur, Slovakkia, Sloveenia, Saalomoni Saared, Somaalia, L\u00f5una-Aafrika, L\u00f5una-Korea, L\u00f5una-Sudaan, Hispaania, Sri Lanka, St. Kitts ja Nevis (St. Christoph ja Nevis), St. Lucia, St. Vincent ja Grenadiinid, Sudaan, Suriname, Svaasimaa, Rootsi, \u0160veits, S\u00fc\u00fcria, Taiwan, Tad\u017eikistan, Tansaania, Tai, Timor-Leste, Togo, Tonga, Trinidad ja Tobago, Tuneesia, T\u00fcrgi, T\u00fcrkmenistan, Tuvalu, Uganda, Ukraina, Araabia \u00dchendemiraadid, \u00dchendkuningriik, Ameerika \u00dchendriigid, Uruguay, Usbekistan, Vanuatu, Vatikani linn, Venezuela, Vietnam, Jeemen, Sambia, Zimbabwe.<\/p><p>Ostja kannab saatmiskulud ja vastav hinnainfo kuvatakse saatmisviisi k\u00f5rval.<\/p><p>K\u00f5ik saadetised j\u00f5uavad \u00fcldjuhul ostja m\u00e4\u00e4ratud sihtkohta 3-30 t\u00f6\u00f6p\u00e4eva jooksul lepingu j\u00f5ustumisele j\u00e4rgnevast kolmandast t\u00f6\u00f6p\u00e4evast arvates. Meil on erandjuhtudel \u00f5igus kaupu saata kuni 60 kalendrip\u00e4eva jooksul. Meie lao- ja logistikapartner on peamiselt Huboo Technologies Ltd, kes kasutab suurimate laevafirmade (DHL, FedEx jne) kullerteenuseid olenevalt sihtkohast ja paki suurusest. P\u00e4rast kauba logistikaettev\u00f5ttele \u00fcleandmist ei vastuta Plumme Beauty O\u00dc v\u00f5imalike viivituste eest.<\/p><p>Samuti peaks ostja teadma, et viivitusi v\u00f5ib p\u00f5hjustada teie riigi tollivormistus, mille eest Veebipood ei vastuta. Tooted tarnitakse, kas Eestist v\u00f5i Suurbritanniast, vastavalt v\u00f5imalustele ja saadavusele. K\u00f5ik tolli poolt v\u00f5etavad tasud ja impordiks n\u00f5utavad load on ostja vastutusel.<\/p><p>Kui pakk tagastatakse meile ostja poolt tellimusel vale v\u00f5i puuduliku aadressi esitamise t\u00f5ttu, peab ostja tasuma k\u00f5ik k\u00e4ttetoimetamiskulud tellimuse uuesti toimetamiseks parandatud aadressile. Veebipood ei vastuta saadetise kaotsi minemise eest, kui ostu teostamisel oli m\u00e4\u00e4ratud aadress puudulik v\u00f5i vale.<\/p><h3 class=\"wp-block-heading\">TAGANEMIS\u00d5IGUS<\/h3><p>P\u00e4rast tellimuse k\u00e4ttesaamist on ostjal \u00f5igus taganeda Veebipoega s\u00f5lmitud lepingust 14 p\u00e4eva jooksul.<\/p><p>Taganemis\u00f5igus kehtib ainult f\u00fc\u00fcsilisest isikust tarbijast ostjale, kes s\u00f5lmib m\u00fc\u00fcgilepingu tehingu teostamiseks majandus- v\u00f5i kutsetegevusega mitteseotud tehinguna (tarbija) ega kehti juhul, kui ostjaks on juriidiline isik.<\/p><p>Tagastamiseks k\u00f5lblik toode peab olema kasutamata ja samas seisukorras kui see k\u00e4tte saadi. See peab olema ka originaalpakendis ja karpe ei tohi l\u00f5hkuda ega avada. Ostja kannab kauba tagastamise kulud, v\u00e4lja arvatud juhtudel, kui tagastamise p\u00f5hjus seisneb selles, et tagastatav toode ei vastanud tellimusele (nt saadeti vale v\u00f5i puudusega toode). Kui ostja soovib kasutada taganemis\u00f5igust ning saada tagasi toote eest makstud tasu, ei h\u00fcvita Veebipood ostjale saatmiskulusid, v.a olukorras, kus tagastamine on tingitud defektsest v\u00f5i m\u00fc\u00fcja poolt saadetud valest kaubast.<\/p><p>Kauba tagastamiseks peab ostja esitama taganemisavalduse ja saatma selle e-posti aadressile&nbsp;<a href=\"mailto:customersupport@plummebeauty.com\">customersupport@plummebeauty.com<\/a>&nbsp;14 p\u00e4eva jooksul p\u00e4rast kauba k\u00e4ttesaamist.<\/p><p>Veebilehelt&nbsp;<a href=\"http:\/\/www.plummebeauty.com\/\">www.plummebeauty.com<\/a>&nbsp;teostatud tellimusest taganemiseks palume teil esitada j\u00e4rgmised andmed:<\/p><ul class=\"wp-block-list\"><li>Ostja nimi:<\/li><li>Saaja nimi (kui see erineb ostja nimest):<\/li><li>Ostu nr:<\/li><li>Ostukuup\u00e4ev:<\/li><li>Taganemise p\u00f5hjus:<\/li><\/ul><p>Ostja peab kauba tagastama 14 p\u00e4eva jooksul p\u00e4rast taganemisavalduse esitamist v\u00f5i esitama t\u00f5endi selle kohta, et ta andis kauba eelnimetatud ajavahemiku jooksul vedajale \u00fcle. T\u00e4htaja \u00fcletamisel on taganemis\u00f5iguse teostamine aegunud ning Veebipood ei kohustu kauba tagasi v\u00f5tma ega tasutud ostuhinda h\u00fcvitama.<\/p><p>N\u00f5uetekohaselt tagastatud kauba k\u00e4ttesaamisel tagastab Veebipood ostjale viivitamata, kuid hiljemalt 14 p\u00e4eva jooksul ostjalt m\u00fc\u00fcgilepingu alusel saadud tasud.<\/p><p>Veebipoel on \u00f5igus keelduda tagasimaksest kuni tagastatava kauba k\u00e4ttesaamiseni v\u00f5i seni, kuni ostja on esitanud kindla t\u00f5endi toodete tagastamise aluse kohta, olenevalt sellest, kumb s\u00fcndmus saabub varem.<\/p><p>Veebipoel on \u00f5igus m\u00fc\u00fcgist taganeda ja t\u00fchistada tellimused, kui kauba m\u00e4rgitud hind Veebipoes on vea t\u00f5ttu oluliselt madalam kauba turuhinnast (tehnilised vead s\u00fcsteemis v\u00f5i inimlikud eksimused s\u00fcsteemi k\u00e4itamisel). Sellisel juhul tagastab Veebipood viivitamatult tellimuse esitamisega tasutud summa.<\/p><h3 class=\"wp-block-heading\">DEFEKTIGA KAUP<\/h3><p>Veebipood vastutab ostjale m\u00fc\u00fcdavate kaupade lepingutingimustele mittevastavuse v\u00f5i puuduste eest, mis olid selgelt olemas juba tarnimise ajal. Veebipood ei vastuta puuduste eest, mis tekivad p\u00e4rast kauba \u00fcleandmist ostjale.<\/p><p>Kui Veebipoest ostetud kaubal on defekte, mille eest Veebipood vastutab, siis parandab v\u00f5i asendab Veebipood defektsed kaubad. Kui kaupa ei saa parandada ega asendada, tagastab Veebipood ostjale k\u00f5ik m\u00fc\u00fcgilepinguga seotud maksed.<\/p><p>Veebipood vastab tarbija esitatud kaebusele kirjalikult, p\u00e4rast kaebuse laekumist e-posti aadressile&nbsp;<a href=\"mailto:customersupport@plummebeauty.com\">customersupport@plummebeauty.com<\/a>&nbsp;14 p\u00e4eva jooksul.<\/p><h3 class=\"wp-block-heading\">OTSETURUNDUS JA ISIKUANDMETE T\u00d6\u00d6TLEMINE<\/h3><p>Veebipood kasutab tellimuse t\u00f6\u00f6tlemiseks ja ostjale kauba saatmiseks ostja sisestatud isikuandmeid (sh nimi, telefoninumber, aadress, e-posti aadress ja pangaandmed). Veebipood edastab vajalikus m\u00e4\u00e4ras isikuandmed transporditeenuse pakkujale kauba kohaletoimetamiseks ostja valitud sihtkohta.<\/p><p>Veebipood saadab uudiskirju ja pakkumisi ostja e-posti aadressile ainult siis, kui ostja on andnud n\u00f5usoleku nende saamiseks, sisestades veebilehel oma e-posti aadressi ja m\u00e4rkides soovi saada otsepostitust.<\/p><p>Ostjal on v\u00f5imalik igal ajal oma e-posti aadressile saadetud pakkumistest ja uudiskirjadest loobuda, teatades sellest Plumme Beauty O\u00dc-le e-posti teel v\u00f5i j\u00e4rgides pakkumist sisaldavas e-kirjas toodud juhiseid. Isikuandmete kasutamise \u00fcksikasjalikuma kirjelduse leiate Plumme Beauty Veebipoel avaldatud privaatsuspoliitikast.<\/p><h3 class=\"wp-block-heading\">VAIDLUSTE LAHENDAMINE<\/h3><p>K\u00f5ik ostja kaebused Veebipoe kohta on v\u00f5imalik edastada e-posti aadressil&nbsp;<a href=\"mailto:customersupport@plummebeauty.com\">customersupport@plummebeauty.com<\/a>.<\/p><p>Kui ostjal ja Veebipoel ei ole v\u00f5imalik vaidlust kokkuleppel lahendada, v\u00f5ib ostja p\u00f6\u00f6rduda tarbijavaidluste komisjoni poole. Menetlusreeglid saate \u00fcle vaadata ja kaebuse esitada&nbsp;<a href=\"about:blank\">siin<\/a>. Tarbijavaidluste komisjon on p\u00e4dev lahendama ostja ja veebipoe vahel s\u00f5lmitud lepingust tulenevaid vaidlusi. Vaidluste lahendamine tarbijavaidluste komisjoni poolt on ostjale tasuta. Ostja v\u00f5ib p\u00f6\u00f6rduda ka Euroopa Liidu vaidluste lahendamise&nbsp;<a href=\"about:blank\">organite<\/a>&nbsp;poole.<\/p><div style=\"height:160px\" aria-hidden=\"true\" class=\"wp-block-spacer\"><\/div>","protected":false},"excerpt":{"rendered":"<p>Veebipoe&nbsp;www.plummebeauty.com&nbsp;(edaspidi&nbsp;Veebipood) omanik on Plumme Beauty O\u00dc (registrikood 16181021), asukohaga Narva mnt 7b, Tallinn 10117 Eesti. M\u00dc\u00dcGILEPINGU KEHTIVUS, TEAVE TOOTE JA HINNA KOHTA Veebipoest kaupade ostmisel kehtivad k\u00e4esolevad m\u00fc\u00fcgitingimused. Veebipoes m\u00fc\u00fcdavate toodete hinnad on m\u00e4rgitud toodete juurde. Hinnale lisandub saatmise tasu, kui ei ole m\u00e4rgitud teisiti. [&hellip;]<\/p>\n","protected":false},"author":1,"featured_media":0,"parent":0,"menu_order":0,"comment_status":"closed","ping_status":"closed","template":"","meta":{"_acf_changed":false,"_uag_custom_page_level_css":"","site-sidebar-layout":"default","site-content-layout":"","ast-site-content-layout":"","site-content-style":"default","site-sidebar-style":"default","ast-global-header-display":"","ast-banner-title-visibility":"","ast-main-header-display":"","ast-hfb-above-header-display":"","ast-hfb-below-header-display":"","ast-hfb-mobile-header-display":"","site-post-title":"","ast-breadcrumbs-content":"","ast-featured-img":"","footer-sml-layout":"","theme-transparent-header-meta":"","adv-header-id-meta":"","stick-header-meta":"","header-above-stick-meta":"","header-main-stick-meta":"","header-below-stick-meta":"","astra-migrate-meta-layouts":"default","ast-page-background-enabled":"default","ast-page-background-meta":{"desktop":{"background-color":"var(--ast-global-color-4)","background-image":"","background-repeat":"repeat","background-position":"center center","background-size":"auto","background-attachment":"scroll","background-type":"","background-media":"","overlay-type":"","overlay-color":"","overlay-opacity":"","overlay-gradient":""},"tablet":{"background-color":"","background-image":"","background-repeat":"repeat","background-position":"center center","background-size":"auto","background-attachment":"scroll","background-type":"","background-media":"","overlay-type":"","overlay-color":"","overlay-opacity":"","overlay-gradient":""},"mobile":{"background-color":"","background-image":"","background-repeat":"repeat","background-position":"center center","background-size":"auto","background-attachment":"scroll","background-type":"","background-media":"","overlay-type":"","overlay-color":"","overlay-opacity":"","overlay-gradient":""}},"ast-content-background-meta":{"desktop":{"background-color":"var(--ast-global-color-5)","background-image":"","background-repeat":"repeat","background-position":"center center","background-size":"auto","background-attachment":"scroll","background-type":"","background-media":"","overlay-type":"","overlay-color":"","overlay-opacity":"","overlay-gradient":""},"tablet":{"background-color":"var(--ast-global-color-5)","background-image":"","background-repeat":"repeat","background-position":"center center","background-size":"auto","background-attachment":"scroll","background-type":"","background-media":"","overlay-type":"","overlay-color":"","overlay-opacity":"","overlay-gradient":""},"mobile":{"background-color":"var(--ast-global-color-5)","background-image":"","background-repeat":"repeat","background-position":"center center","background-size":"auto","background-attachment":"scroll","background-type":"","background-media":"","overlay-type":"","overlay-color":"","overlay-opacity":"","overlay-gradient":""}},"footnotes":""},"class_list":["post-2568","page","type-page","status-publish","hentry"],"acf":[],"yoast_head":"<!-- This site is optimized with the Yoast SEO plugin v24.7 - https:\/\/yoast.com\/wordpress\/plugins\/seo\/ -->\n<title>M\u00dc\u00dcGITINGIMUSED | Plumm\u00e9 Beauty<\/title>\n<meta name=\"robots\" content=\"index, follow, max-snippet:-1, max-image-preview:large, max-video-preview:-1\" \/>\n<link rel=\"canonical\" href=\"https:\/\/plummebeauty.com\/et\/muugitingimused\/\" \/>\n<meta property=\"og:locale\" content=\"et_EE\" \/>\n<meta property=\"og:type\" content=\"article\" \/>\n<meta property=\"og:title\" content=\"M\u00dc\u00dcGITINGIMUSED | Plumm\u00e9 Beauty\" \/>\n<meta property=\"og:description\" content=\"Veebipoe&nbsp;www.plummebeauty.com&nbsp;(edaspidi&nbsp;Veebipood) omanik on Plumme Beauty O\u00dc (registrikood 16181021), asukohaga Narva mnt 7b, Tallinn 10117 Eesti. M\u00dc\u00dcGILEPINGU KEHTIVUS, TEAVE TOOTE JA HINNA KOHTA Veebipoest kaupade ostmisel kehtivad k\u00e4esolevad m\u00fc\u00fcgitingimused. Veebipoes m\u00fc\u00fcdavate toodete hinnad on m\u00e4rgitud toodete juurde. Hinnale lisandub saatmise tasu, kui ei ole m\u00e4rgitud teisiti. [&hellip;]\" \/>\n<meta property=\"og:url\" content=\"https:\/\/plummebeauty.com\/et\/muugitingimused\/\" \/>\n<meta property=\"og:site_name\" content=\"Plumm\u00e9 Beauty\" \/>\n<meta property=\"article:publisher\" content=\"https:\/\/www.facebook.com\/plummebeauty\" \/>\n<meta property=\"article:modified_time\" content=\"2022-05-04T13:18:55+00:00\" \/>\n<meta name=\"twitter:card\" content=\"summary_large_image\" \/>\n<meta name=\"twitter:label1\" content=\"Est. reading time\" \/>\n\t<meta name=\"twitter:data1\" content=\"7 minutit\" \/>\n<script type=\"application\/ld+json\" class=\"yoast-schema-graph\">{\"@context\":\"https:\/\/schema.org\",\"@graph\":[{\"@type\":\"WebPage\",\"@id\":\"https:\/\/plummebeauty.com\/et\/muugitingimused\/\",\"url\":\"https:\/\/plummebeauty.com\/et\/muugitingimused\/\",\"name\":\"M\u00dc\u00dcGITINGIMUSED | Plumm\u00e9 Beauty\",\"isPartOf\":{\"@id\":\"https:\/\/plummebeauty.com\/et\/#website\"},\"datePublished\":\"2022-01-25T14:52:03+00:00\",\"dateModified\":\"2022-05-04T13:18:55+00:00\",\"breadcrumb\":{\"@id\":\"https:\/\/plummebeauty.com\/et\/muugitingimused\/#breadcrumb\"},\"inLanguage\":\"et\",\"potentialAction\":[{\"@type\":\"ReadAction\",\"target\":[\"https:\/\/plummebeauty.com\/et\/muugitingimused\/\"]}]},{\"@type\":\"BreadcrumbList\",\"@id\":\"https:\/\/plummebeauty.com\/et\/muugitingimused\/#breadcrumb\",\"itemListElement\":[{\"@type\":\"ListItem\",\"position\":1,\"name\":\"Home\",\"item\":\"https:\/\/plummebeauty.com\/et\/\"},{\"@type\":\"ListItem\",\"position\":2,\"name\":\"M\u00dc\u00dcGITINGIMUSED\"}]},{\"@type\":\"WebSite\",\"@id\":\"https:\/\/plummebeauty.com\/et\/#website\",\"url\":\"https:\/\/plummebeauty.com\/et\/\",\"name\":\"Plumm\u00e9 Beauty | Pure Plum Beauty Oil\",\"description\":\"Pure Plum Beauty Oil for Your Skin &amp; Hair\",\"publisher\":{\"@id\":\"https:\/\/plummebeauty.com\/et\/#organization\"},\"potentialAction\":[{\"@type\":\"SearchAction\",\"target\":{\"@type\":\"EntryPoint\",\"urlTemplate\":\"https:\/\/plummebeauty.com\/et\/?s={search_term_string}\"},\"query-input\":{\"@type\":\"PropertyValueSpecification\",\"valueRequired\":true,\"valueName\":\"search_term_string\"}}],\"inLanguage\":\"et\"},{\"@type\":\"Organization\",\"@id\":\"https:\/\/plummebeauty.com\/et\/#organization\",\"name\":\"Plumm\u00e9 Beauty | Pure Plum Beauty Oil\",\"url\":\"https:\/\/plummebeauty.com\/et\/\",\"logo\":{\"@type\":\"ImageObject\",\"inLanguage\":\"et\",\"@id\":\"https:\/\/plummebeauty.com\/et\/#\/schema\/logo\/image\/\",\"url\":\"https:\/\/plummebeauty.com\/wp-content\/uploads\/plummelogo.svg\",\"contentUrl\":\"https:\/\/plummebeauty.com\/wp-content\/uploads\/plummelogo.svg\",\"caption\":\"Plumm\u00e9 Beauty | Pure Plum Beauty Oil\"},\"image\":{\"@id\":\"https:\/\/plummebeauty.com\/et\/#\/schema\/logo\/image\/\"},\"sameAs\":[\"https:\/\/www.facebook.com\/plummebeauty\",\"https:\/\/instagram.com\/plummebeauty\"]}]}<\/script>\n<!-- \/ Yoast SEO plugin. -->","yoast_head_json":{"title":"M\u00dc\u00dcGITINGIMUSED | Plumm\u00e9 Beauty","robots":{"index":"index","follow":"follow","max-snippet":"max-snippet:-1","max-image-preview":"max-image-preview:large","max-video-preview":"max-video-preview:-1"},"canonical":"https:\/\/plummebeauty.com\/et\/muugitingimused\/","og_locale":"et_EE","og_type":"article","og_title":"M\u00dc\u00dcGITINGIMUSED | Plumm\u00e9 Beauty","og_description":"Veebipoe&nbsp;www.plummebeauty.com&nbsp;(edaspidi&nbsp;Veebipood) omanik on Plumme Beauty O\u00dc (registrikood 16181021), asukohaga Narva mnt 7b, Tallinn 10117 Eesti. M\u00dc\u00dcGILEPINGU KEHTIVUS, TEAVE TOOTE JA HINNA KOHTA Veebipoest kaupade ostmisel kehtivad k\u00e4esolevad m\u00fc\u00fcgitingimused. Veebipoes m\u00fc\u00fcdavate toodete hinnad on m\u00e4rgitud toodete juurde. Hinnale lisandub saatmise tasu, kui ei ole m\u00e4rgitud teisiti. [&hellip;]","og_url":"https:\/\/plummebeauty.com\/et\/muugitingimused\/","og_site_name":"Plumm\u00e9 Beauty","article_publisher":"https:\/\/www.facebook.com\/plummebeauty","article_modified_time":"2022-05-04T13:18:55+00:00","twitter_card":"summary_large_image","twitter_misc":{"Est. reading time":"7 minutit"},"schema":{"@context":"https:\/\/schema.org","@graph":[{"@type":"WebPage","@id":"https:\/\/plummebeauty.com\/et\/muugitingimused\/","url":"https:\/\/plummebeauty.com\/et\/muugitingimused\/","name":"M\u00dc\u00dcGITINGIMUSED | Plumm\u00e9 Beauty","isPartOf":{"@id":"https:\/\/plummebeauty.com\/et\/#website"},"datePublished":"2022-01-25T14:52:03+00:00","dateModified":"2022-05-04T13:18:55+00:00","breadcrumb":{"@id":"https:\/\/plummebeauty.com\/et\/muugitingimused\/#breadcrumb"},"inLanguage":"et","potentialAction":[{"@type":"ReadAction","target":["https:\/\/plummebeauty.com\/et\/muugitingimused\/"]}]},{"@type":"BreadcrumbList","@id":"https:\/\/plummebeauty.com\/et\/muugitingimused\/#breadcrumb","itemListElement":[{"@type":"ListItem","position":1,"name":"Home","item":"https:\/\/plummebeauty.com\/et\/"},{"@type":"ListItem","position":2,"name":"M\u00dc\u00dcGITINGIMUSED"}]},{"@type":"WebSite","@id":"https:\/\/plummebeauty.com\/et\/#website","url":"https:\/\/plummebeauty.com\/et\/","name":"Plumm\u00e9 Beauty | Pure Plum Beauty Oil","description":"Pure Plum Beauty Oil for Your Skin &amp; Hair","publisher":{"@id":"https:\/\/plummebeauty.com\/et\/#organization"},"potentialAction":[{"@type":"SearchAction","target":{"@type":"EntryPoint","urlTemplate":"https:\/\/plummebeauty.com\/et\/?s={search_term_string}"},"query-input":{"@type":"PropertyValueSpecification","valueRequired":true,"valueName":"search_term_string"}}],"inLanguage":"et"},{"@type":"Organization","@id":"https:\/\/plummebeauty.com\/et\/#organization","name":"Plumm\u00e9 Beauty | Pure Plum Beauty Oil","url":"https:\/\/plummebeauty.com\/et\/","logo":{"@type":"ImageObject","inLanguage":"et","@id":"https:\/\/plummebeauty.com\/et\/#\/schema\/logo\/image\/","url":"https:\/\/plummebeauty.com\/wp-content\/uploads\/plummelogo.svg","contentUrl":"https:\/\/plummebeauty.com\/wp-content\/uploads\/plummelogo.svg","caption":"Plumm\u00e9 Beauty | Pure Plum Beauty Oil"},"image":{"@id":"https:\/\/plummebeauty.com\/et\/#\/schema\/logo\/image\/"},"sameAs":["https:\/\/www.facebook.com\/plummebeauty","https:\/\/instagram.com\/plummebeauty"]}]}},"uagb_featured_image_src":{"full":false,"thumbnail":false,"medium":false,"medium_large":false,"large":false,"tf-client-image-size":false,"1536x1536":false,"2048x2048":false,"woocommerce_thumbnail":false,"woocommerce_single":false,"woocommerce_gallery_thumbnail":false},"uagb_author_info":{"display_name":"Raivo","author_link":"https:\/\/plummebeauty.com\/et\/author\/raivo\/"},"uagb_comment_info":0,"uagb_excerpt":"Veebipoe&nbsp;www.plummebeauty.com&nbsp;(edaspidi&nbsp;Veebipood) omanik on Plumme Beauty O\u00dc (registrikood 16181021), asukohaga Narva mnt 7b, Tallinn 10117 Eesti. M\u00dc\u00dcGILEPINGU KEHTIVUS, TEAVE TOOTE JA HINNA KOHTA Veebipoest kaupade ostmisel kehtivad k\u00e4esolevad m\u00fc\u00fcgitingimused. Veebipoes m\u00fc\u00fcdavate toodete hinnad on m\u00e4rgitud toodete juurde. Hinnale lisandub saatmise tasu, kui ei ole m\u00e4rgitud teisiti. [&hellip;]","_links":{"self":[{"href":"https:\/\/plummebeauty.com\/et\/wp-json\/wp\/v2\/pages\/2568","targetHints":{"allow":["GET"]}}],"collection":[{"href":"https:\/\/plummebeauty.com\/et\/wp-json\/wp\/v2\/pages"}],"about":[{"href":"https:\/\/plummebeauty.com\/et\/wp-json\/wp\/v2\/types\/page"}],"author":[{"embeddable":true,"href":"https:\/\/plummebeauty.com\/et\/wp-json\/wp\/v2\/users\/1"}],"replies":[{"embeddable":true,"href":"https:\/\/plummebeauty.com\/et\/wp-json\/wp\/v2\/comments?post=2568"}],"version-history":[{"count":0,"href":"https:\/\/plummebeauty.com\/et\/wp-json\/wp\/v2\/pages\/2568\/revisions"}],"wp:attachment":[{"href":"https:\/\/plummebeauty.com\/et\/wp-json\/wp\/v2\/media?parent=2568"}],"curies":[{"name":"wp","href":"https:\/\/api.w.org\/{rel}","templated":true}]}}