{"id":2581,"date":"2022-05-04T15:32:39","date_gmt":"2022-05-04T13:32:39","guid":{"rendered":"https:\/\/plummebeauty.com\/kkk\/"},"modified":"2022-06-08T12:55:19","modified_gmt":"2022-06-08T10:55:19","slug":"kkk","status":"publish","type":"page","link":"https:\/\/plummebeauty.com\/et\/kkk\/","title":{"rendered":"KORDUMA KIPPUVAD K\u00dcSIMUSED"},"content":{"rendered":"<div class=\"wp-block-uagb-faq uagb-faq__outer-wrap uagb-block-c999ce27 uagb-faq-icon-row uagb-faq-layout-accordion uagb-faq-expand-first-true uagb-faq-inactive-other-true uagb-faq__wrap uagb-buttons-layout-wrap uagb-faq-equal-height     \" data-faqtoggle=\"true\" role=\"tablist\"><div class=\"wp-block-uagb-faq-child uagb-faq-child__outer-wrap uagb-faq-item uagb-block-902e39bf \" role=\"tab\" tabindex=\"0\"><div class=\"uagb-faq-questions-button uagb-faq-questions\">\t\t\t<span class=\"uagb-icon uagb-faq-icon-wrap\">\n\t\t\t\t\t\t\t\t<svg xmlns=\"https:\/\/www.w3.org\/2000\/svg\" viewBox= \"0 0 448 512\"><path d=\"M432 256c0 17.69-14.33 32.01-32 32.01H256v144c0 17.69-14.33 31.99-32 31.99s-32-14.3-32-31.99v-144H48c-17.67 0-32-14.32-32-32.01s14.33-31.99 32-31.99H192v-144c0-17.69 14.33-32.01 32-32.01s32 14.32 32 32.01v144h144C417.7 224 432 238.3 432 256z\"><\/path><\/svg>\n\t\t\t\t\t\t\t<\/span>\n\t\t\t\t\t\t<span class=\"uagb-icon-active uagb-faq-icon-wrap\">\n\t\t\t\t\t\t\t\t<svg xmlns=\"https:\/\/www.w3.org\/2000\/svg\" viewBox= \"0 0 448 512\"><path d=\"M400 288h-352c-17.69 0-32-14.32-32-32.01s14.31-31.99 32-31.99h352c17.69 0 32 14.3 32 31.99S417.7 288 400 288z\"><\/path><\/svg>\n\t\t\t\t\t\t\t<\/span>\n\t\t\t<span class=\"uagb-question\">1. MILLEST KOOSNEVAD PLUMM\u00c9 TOOTED?<\/span><\/div><div class=\"uagb-faq-content\"><p>Plumm\u00e9 sisaldab ainult k\u00f5ige k\u00f5rgema kvaliteediga aromaatset ploomi\u00f5li ja mitte midagi rohkemat. Plumm\u00e9 ilu\u00f5li on 100% keskkonnas\u00f5bralik, kuna see on valmistatud k\u00fclmpressitud ploomikividest. \u00dclej\u00e4\u00e4nu puuviljast kasutatakse mahla, kuivatatud puuviljade, lapsetoidu jaoks jne. Seega mitte midagi ei l\u00e4he raisku!<\/p><\/div><\/div><div class=\"wp-block-uagb-faq-child uagb-faq-child__outer-wrap uagb-faq-item uagb-block-a9c2c240 \" role=\"tab\" tabindex=\"0\"><div class=\"uagb-faq-questions-button uagb-faq-questions\">\t\t\t<span class=\"uagb-icon uagb-faq-icon-wrap\">\n\t\t\t\t\t\t\t\t<svg xmlns=\"https:\/\/www.w3.org\/2000\/svg\" viewBox= \"0 0 448 512\"><path d=\"M432 256c0 17.69-14.33 32.01-32 32.01H256v144c0 17.69-14.33 31.99-32 31.99s-32-14.3-32-31.99v-144H48c-17.67 0-32-14.32-32-32.01s14.33-31.99 32-31.99H192v-144c0-17.69 14.33-32.01 32-32.01s32 14.32 32 32.01v144h144C417.7 224 432 238.3 432 256z\"><\/path><\/svg>\n\t\t\t\t\t\t\t<\/span>\n\t\t\t\t\t\t<span class=\"uagb-icon-active uagb-faq-icon-wrap\">\n\t\t\t\t\t\t\t\t<svg xmlns=\"https:\/\/www.w3.org\/2000\/svg\" viewBox= \"0 0 448 512\"><path d=\"M400 288h-352c-17.69 0-32-14.32-32-32.01s14.31-31.99 32-31.99h352c17.69 0 32 14.3 32 31.99S417.7 288 400 288z\"><\/path><\/svg>\n\t\t\t\t\t\t\t<\/span>\n\t\t\t<span class=\"uagb-question\">2. KUIDAS MA PEAKSIN PLOOMI\u00d5LI KASUTAMA?<\/span><\/div><div class=\"uagb-faq-content\"><p>Plumm\u00e9 ilu\u00f5li on m\u00f5eldud nahale ja juustele. Kanna m\u00f5ned tilgad puhtale nahale v\u00f5i sega niisutava kreemi sisse hommikul meigi alla ja \u00f5htul niisutajana oma \u00f5htuse nahahooldusrutiini osana. Lisaks v\u00f5ite kanda \u00f5li p\u00e4rast pesemist niiskete juuste otstesse, et kaitsta juukseid kuumakahjustuste eest.<\/p><\/div><\/div><div class=\"wp-block-uagb-faq-child uagb-faq-child__outer-wrap uagb-faq-item uagb-block-bad3afb0 \" role=\"tab\" tabindex=\"0\"><div class=\"uagb-faq-questions-button uagb-faq-questions\">\t\t\t<span class=\"uagb-icon uagb-faq-icon-wrap\">\n\t\t\t\t\t\t\t\t<svg xmlns=\"https:\/\/www.w3.org\/2000\/svg\" viewBox= \"0 0 448 512\"><path d=\"M432 256c0 17.69-14.33 32.01-32 32.01H256v144c0 17.69-14.33 31.99-32 31.99s-32-14.3-32-31.99v-144H48c-17.67 0-32-14.32-32-32.01s14.33-31.99 32-31.99H192v-144c0-17.69 14.33-32.01 32-32.01s32 14.32 32 32.01v144h144C417.7 224 432 238.3 432 256z\"><\/path><\/svg>\n\t\t\t\t\t\t\t<\/span>\n\t\t\t\t\t\t<span class=\"uagb-icon-active uagb-faq-icon-wrap\">\n\t\t\t\t\t\t\t\t<svg xmlns=\"https:\/\/www.w3.org\/2000\/svg\" viewBox= \"0 0 448 512\"><path d=\"M400 288h-352c-17.69 0-32-14.32-32-32.01s14.31-31.99 32-31.99h352c17.69 0 32 14.3 32 31.99S417.7 288 400 288z\"><\/path><\/svg>\n\t\t\t\t\t\t\t<\/span>\n\t\t\t<span class=\"uagb-question\">3. MIKS MA PEAKSIN KASUTAMA PLUMM\u00c9 ILU\u00d5LI?<\/span><\/div><div class=\"uagb-faq-content\"><p>Ploomi\u00f5li aitab tuua tasakaalu sinu nahale, j\u00e4ttes selle v\u00e4rskeks ja niisutatuks. Samuti annab ploomi\u00f5li Sulle koheselt tervisliku s\u00e4ra. Plumm\u00e9 sobib igale nahat\u00fc\u00fcbile, on vananemisvastane, ei p\u00f5hjusta komedoone ning sisaldab rikkalikult antioks\u00fcdante ja E-vitamiini.<\/p><\/div><\/div><div class=\"wp-block-uagb-faq-child uagb-faq-child__outer-wrap uagb-faq-item uagb-block-77bd8a73 \" role=\"tab\" tabindex=\"0\"><div class=\"uagb-faq-questions-button uagb-faq-questions\">\t\t\t<span class=\"uagb-icon uagb-faq-icon-wrap\">\n\t\t\t\t\t\t\t\t<svg xmlns=\"https:\/\/www.w3.org\/2000\/svg\" viewBox= \"0 0 448 512\"><path d=\"M432 256c0 17.69-14.33 32.01-32 32.01H256v144c0 17.69-14.33 31.99-32 31.99s-32-14.3-32-31.99v-144H48c-17.67 0-32-14.32-32-32.01s14.33-31.99 32-31.99H192v-144c0-17.69 14.33-32.01 32-32.01s32 14.32 32 32.01v144h144C417.7 224 432 238.3 432 256z\"><\/path><\/svg>\n\t\t\t\t\t\t\t<\/span>\n\t\t\t\t\t\t<span class=\"uagb-icon-active uagb-faq-icon-wrap\">\n\t\t\t\t\t\t\t\t<svg xmlns=\"https:\/\/www.w3.org\/2000\/svg\" viewBox= \"0 0 448 512\"><path d=\"M400 288h-352c-17.69 0-32-14.32-32-32.01s14.31-31.99 32-31.99h352c17.69 0 32 14.3 32 31.99S417.7 288 400 288z\"><\/path><\/svg>\n\t\t\t\t\t\t\t<\/span>\n\t\t\t<span class=\"uagb-question\">4. KAS PLUMM\u00c9 SOBIB IGALE NAHAT\u00dc\u00dcBILE?<\/span><\/div><div class=\"uagb-faq-content\"><p>Plumm\u00e9 ilu\u00f5li on sobilik igale nahat\u00fc\u00fcbile, sealhulgas tundliku, aknele kalduva ja allergilise naha jaoks.<\/p><\/div><\/div><div class=\"wp-block-uagb-faq-child uagb-faq-child__outer-wrap uagb-faq-item uagb-block-9b1426be \" role=\"tab\" tabindex=\"0\"><div class=\"uagb-faq-questions-button uagb-faq-questions\">\t\t\t<span class=\"uagb-icon uagb-faq-icon-wrap\">\n\t\t\t\t\t\t\t\t<svg xmlns=\"https:\/\/www.w3.org\/2000\/svg\" viewBox= \"0 0 448 512\"><path d=\"M432 256c0 17.69-14.33 32.01-32 32.01H256v144c0 17.69-14.33 31.99-32 31.99s-32-14.3-32-31.99v-144H48c-17.67 0-32-14.32-32-32.01s14.33-31.99 32-31.99H192v-144c0-17.69 14.33-32.01 32-32.01s32 14.32 32 32.01v144h144C417.7 224 432 238.3 432 256z\"><\/path><\/svg>\n\t\t\t\t\t\t\t<\/span>\n\t\t\t\t\t\t<span class=\"uagb-icon-active uagb-faq-icon-wrap\">\n\t\t\t\t\t\t\t\t<svg xmlns=\"https:\/\/www.w3.org\/2000\/svg\" viewBox= \"0 0 448 512\"><path d=\"M400 288h-352c-17.69 0-32-14.32-32-32.01s14.31-31.99 32-31.99h352c17.69 0 32 14.3 32 31.99S417.7 288 400 288z\"><\/path><\/svg>\n\t\t\t\t\t\t\t<\/span>\n\t\t\t<span class=\"uagb-question\">5. KUST SAAB OSTA PLUMM\u00c9 TOOTEID?<\/span><\/div><div class=\"uagb-faq-content\"><p>Plumm\u00e9 ilu\u00f5li saab osta meie veebipoest. Plumm\u00e9 ilu\u00f5li saab osta meie veebipoest. Kui Sa oled huvitatud Plumm\u00e9 ilu\u00f5li m\u00fc\u00fcmisest, siis kontakteeru meiega aadressil\u00a0<a href=\"mailto:sales@plummebeauty.com\">sales@plummebeauty.com<\/a><\/p><\/div><\/div><div class=\"wp-block-uagb-faq-child uagb-faq-child__outer-wrap uagb-faq-item uagb-block-c5aafef8 \" role=\"tab\" tabindex=\"0\"><div class=\"uagb-faq-questions-button uagb-faq-questions\">\t\t\t<span class=\"uagb-icon uagb-faq-icon-wrap\">\n\t\t\t\t\t\t\t\t<svg xmlns=\"https:\/\/www.w3.org\/2000\/svg\" viewBox= \"0 0 448 512\"><path d=\"M432 256c0 17.69-14.33 32.01-32 32.01H256v144c0 17.69-14.33 31.99-32 31.99s-32-14.3-32-31.99v-144H48c-17.67 0-32-14.32-32-32.01s14.33-31.99 32-31.99H192v-144c0-17.69 14.33-32.01 32-32.01s32 14.32 32 32.01v144h144C417.7 224 432 238.3 432 256z\"><\/path><\/svg>\n\t\t\t\t\t\t\t<\/span>\n\t\t\t\t\t\t<span class=\"uagb-icon-active uagb-faq-icon-wrap\">\n\t\t\t\t\t\t\t\t<svg xmlns=\"https:\/\/www.w3.org\/2000\/svg\" viewBox= \"0 0 448 512\"><path d=\"M400 288h-352c-17.69 0-32-14.32-32-32.01s14.31-31.99 32-31.99h352c17.69 0 32 14.3 32 31.99S417.7 288 400 288z\"><\/path><\/svg>\n\t\t\t\t\t\t\t<\/span>\n\t\t\t<span class=\"uagb-question\">6. KUHU SAAB PLUMM\u00c9 TOOTEID TELLIDA?<\/span><\/div><div class=\"uagb-faq-content\"><p>Me pakume tasuta saatmist k\u00f5ikidele tellimustele Euroopa Liidus. Tarbija on vastutav iga saatmise, impordimaksude, maksude v\u00f5i muude riiklikult kehtestatud tasude eest. Me saadame enda tooteid 190+ erinevasse riiki \u00fcle maailma. Vaadake t\u00e4ielikku listi ostu sooritades v\u00f5i m\u00fc\u00fcgitingimuste alt. K\u00f5ik tellimused postitatakse 7 p\u00e4eva jooksul alates arve tasumise hetkest ja kui tooted on laos olemas v\u00f5i kuni 30 p\u00e4eva extraordinary circumstancide korral. Tooted, mis on tellitud n\u00e4dalavahetusel komplekteeritakse esmasp\u00e4eval. Standardne saatmine Euroopa siseselt v\u00f5tab aega 3-7 t\u00f6\u00f6p\u00e4eva ja rahvusvaheliselt kuni 15 p\u00e4eva. Kahjuks ei ole me vastutavad hilinemiste v\u00f5i muutuste eest, mis v\u00f5ivad ilmneda meie tarnepartneritel.<\/p><\/div><\/div><div class=\"wp-block-uagb-faq-child uagb-faq-child__outer-wrap uagb-faq-item uagb-block-ceb54242 \" role=\"tab\" tabindex=\"0\"><div class=\"uagb-faq-questions-button uagb-faq-questions\">\t\t\t<span class=\"uagb-icon uagb-faq-icon-wrap\">\n\t\t\t\t\t\t\t\t<svg xmlns=\"https:\/\/www.w3.org\/2000\/svg\" viewBox= \"0 0 448 512\"><path d=\"M432 256c0 17.69-14.33 32.01-32 32.01H256v144c0 17.69-14.33 31.99-32 31.99s-32-14.3-32-31.99v-144H48c-17.67 0-32-14.32-32-32.01s14.33-31.99 32-31.99H192v-144c0-17.69 14.33-32.01 32-32.01s32 14.32 32 32.01v144h144C417.7 224 432 238.3 432 256z\"><\/path><\/svg>\n\t\t\t\t\t\t\t<\/span>\n\t\t\t\t\t\t<span class=\"uagb-icon-active uagb-faq-icon-wrap\">\n\t\t\t\t\t\t\t\t<svg xmlns=\"https:\/\/www.w3.org\/2000\/svg\" viewBox= \"0 0 448 512\"><path d=\"M400 288h-352c-17.69 0-32-14.32-32-32.01s14.31-31.99 32-31.99h352c17.69 0 32 14.3 32 31.99S417.7 288 400 288z\"><\/path><\/svg>\n\t\t\t\t\t\t\t<\/span>\n\t\t\t<span class=\"uagb-question\">7. KAS PLOOMI\u00d5LI ON SOBILIK K\u00d5IGILE, KA RASEDATELE JA IMETAVATELE EMADELE NING LASTELE?<\/span><\/div><div class=\"uagb-faq-content\"><p>Plumm\u00e9 ilu\u00f5lid on looduslikud, h\u00fcpoallergeensed ja sobilikud igale nahat\u00fc\u00fcbile, kuid kui soovite olla eriti kindlad, siis soovitame konsulteerida oma arstiga.<\/p><\/div><\/div><div class=\"wp-block-uagb-faq-child uagb-faq-child__outer-wrap uagb-faq-item uagb-block-d70bcf85 \" role=\"tab\" tabindex=\"0\"><div class=\"uagb-faq-questions-button uagb-faq-questions\">\t\t\t<span class=\"uagb-icon uagb-faq-icon-wrap\">\n\t\t\t\t\t\t\t\t<svg xmlns=\"https:\/\/www.w3.org\/2000\/svg\" viewBox= \"0 0 448 512\"><path d=\"M432 256c0 17.69-14.33 32.01-32 32.01H256v144c0 17.69-14.33 31.99-32 31.99s-32-14.3-32-31.99v-144H48c-17.67 0-32-14.32-32-32.01s14.33-31.99 32-31.99H192v-144c0-17.69 14.33-32.01 32-32.01s32 14.32 32 32.01v144h144C417.7 224 432 238.3 432 256z\"><\/path><\/svg>\n\t\t\t\t\t\t\t<\/span>\n\t\t\t\t\t\t<span class=\"uagb-icon-active uagb-faq-icon-wrap\">\n\t\t\t\t\t\t\t\t<svg xmlns=\"https:\/\/www.w3.org\/2000\/svg\" viewBox= \"0 0 448 512\"><path d=\"M400 288h-352c-17.69 0-32-14.32-32-32.01s14.31-31.99 32-31.99h352c17.69 0 32 14.3 32 31.99S417.7 288 400 288z\"><\/path><\/svg>\n\t\t\t\t\t\t\t<\/span>\n\t\t\t<span class=\"uagb-question\">8. KAS PLUMM\u00c9 ILU\u00d5LI ON SOBILIK VEGANITELE?<\/span><\/div><div class=\"uagb-faq-content\"><p>Jah, Plumm\u00e9 ilu\u00f5lid on sobilikud veganitele ning on 100% orgaanilised, gluteeni-, julmuse- ja GMO-vabad.<\/p><\/div><\/div><div class=\"wp-block-uagb-faq-child uagb-faq-child__outer-wrap uagb-faq-item uagb-block-245465b6 \" role=\"tab\" tabindex=\"0\"><div class=\"uagb-faq-questions-button uagb-faq-questions\">\t\t\t<span class=\"uagb-icon uagb-faq-icon-wrap\">\n\t\t\t\t\t\t\t\t<svg xmlns=\"https:\/\/www.w3.org\/2000\/svg\" viewBox= \"0 0 448 512\"><path d=\"M432 256c0 17.69-14.33 32.01-32 32.01H256v144c0 17.69-14.33 31.99-32 31.99s-32-14.3-32-31.99v-144H48c-17.67 0-32-14.32-32-32.01s14.33-31.99 32-31.99H192v-144c0-17.69 14.33-32.01 32-32.01s32 14.32 32 32.01v144h144C417.7 224 432 238.3 432 256z\"><\/path><\/svg>\n\t\t\t\t\t\t\t<\/span>\n\t\t\t\t\t\t<span class=\"uagb-icon-active uagb-faq-icon-wrap\">\n\t\t\t\t\t\t\t\t<svg xmlns=\"https:\/\/www.w3.org\/2000\/svg\" viewBox= \"0 0 448 512\"><path d=\"M400 288h-352c-17.69 0-32-14.32-32-32.01s14.31-31.99 32-31.99h352c17.69 0 32 14.3 32 31.99S417.7 288 400 288z\"><\/path><\/svg>\n\t\t\t\t\t\t\t<\/span>\n\t\t\t<span class=\"uagb-question\">9. KUI PIKK ON PLUMM\u00c9 S\u00c4ILIVUSAEG?<\/span><\/div><div class=\"uagb-faq-content\"><p>\u201cParim enne\u201d kuup\u00e4ev on m\u00e4rgitud Plumm\u00e9 toodetele ja s\u00e4ilivusaeg on kuni 2 aastat. Olenevalt kasutussagedusest v\u00f5iks 30ml pudelist j\u00e4tkuda 1-2 kuuks.<\/p><\/div><\/div><div class=\"wp-block-uagb-faq-child uagb-faq-child__outer-wrap uagb-faq-item uagb-block-0c05c96d \" role=\"tab\" tabindex=\"0\"><div class=\"uagb-faq-questions-button uagb-faq-questions\">\t\t\t<span class=\"uagb-icon uagb-faq-icon-wrap\">\n\t\t\t\t\t\t\t\t<svg xmlns=\"https:\/\/www.w3.org\/2000\/svg\" viewBox= \"0 0 448 512\"><path d=\"M432 256c0 17.69-14.33 32.01-32 32.01H256v144c0 17.69-14.33 31.99-32 31.99s-32-14.3-32-31.99v-144H48c-17.67 0-32-14.32-32-32.01s14.33-31.99 32-31.99H192v-144c0-17.69 14.33-32.01 32-32.01s32 14.32 32 32.01v144h144C417.7 224 432 238.3 432 256z\"><\/path><\/svg>\n\t\t\t\t\t\t\t<\/span>\n\t\t\t\t\t\t<span class=\"uagb-icon-active uagb-faq-icon-wrap\">\n\t\t\t\t\t\t\t\t<svg xmlns=\"https:\/\/www.w3.org\/2000\/svg\" viewBox= \"0 0 448 512\"><path d=\"M400 288h-352c-17.69 0-32-14.32-32-32.01s14.31-31.99 32-31.99h352c17.69 0 32 14.3 32 31.99S417.7 288 400 288z\"><\/path><\/svg>\n\t\t\t\t\t\t\t<\/span>\n\t\t\t<span class=\"uagb-question\">10. KUI KAUA PEAKS PLUMM\u00c9 ILU\u00d5LI KASUTAMA, ET TULEMUSI M\u00c4RGATA?<\/span><\/div><div class=\"uagb-faq-content\"><p>Sa n\u00e4ed kohest s\u00e4ra juba peale esimest kasutuskorda. Pikaajaliste tulemuste n\u00e4gemiseks soovitame ilu\u00f5li kasutada v\u00e4hemalt 3 kuud.<\/p><\/div><\/div><\/div><div style=\"height:140px\" aria-hidden=\"true\" class=\"wp-block-spacer\"><\/div>","protected":false},"excerpt":{"rendered":"","protected":false},"author":1,"featured_media":0,"parent":0,"menu_order":0,"comment_status":"closed","ping_status":"closed","template":"","meta":{"_acf_changed":false,"_uag_custom_page_level_css":"","site-sidebar-layout":"default","site-content-layout":"","ast-site-content-layout":"","site-content-style":"default","site-sidebar-style":"default","ast-global-header-display":"","ast-banner-title-visibility":"","ast-main-header-display":"","ast-hfb-above-header-display":"","ast-hfb-below-header-display":"","ast-hfb-mobile-header-display":"","site-post-title":"","ast-breadcrumbs-content":"","ast-featured-img":"","footer-sml-layout":"","theme-transparent-header-meta":"","adv-header-id-meta":"","stick-header-meta":"","header-above-stick-meta":"","header-main-stick-meta":"","header-below-stick-meta":"","astra-migrate-meta-layouts":"default","ast-page-background-enabled":"default","ast-page-background-meta":{"desktop":{"background-color":"var(--ast-global-color-4)","background-image":"","background-repeat":"repeat","background-position":"center center","background-size":"auto","background-attachment":"scroll","background-type":"","background-media":"","overlay-type":"","overlay-color":"","overlay-opacity":"","overlay-gradient":""},"tablet":{"background-color":"","background-image":"","background-repeat":"repeat","background-position":"center center","background-size":"auto","background-attachment":"scroll","background-type":"","background-media":"","overlay-type":"","overlay-color":"","overlay-opacity":"","overlay-gradient":""},"mobile":{"background-color":"","background-image":"","background-repeat":"repeat","background-position":"center center","background-size":"auto","background-attachment":"scroll","background-type":"","background-media":"","overlay-type":"","overlay-color":"","overlay-opacity":"","overlay-gradient":""}},"ast-content-background-meta":{"desktop":{"background-color":"var(--ast-global-color-5)","background-image":"","background-repeat":"repeat","background-position":"center center","background-size":"auto","background-attachment":"scroll","background-type":"","background-media":"","overlay-type":"","overlay-color":"","overlay-opacity":"","overlay-gradient":""},"tablet":{"background-color":"var(--ast-global-color-5)","background-image":"","background-repeat":"repeat","background-position":"center center","background-size":"auto","background-attachment":"scroll","background-type":"","background-media":"","overlay-type":"","overlay-color":"","overlay-opacity":"","overlay-gradient":""},"mobile":{"background-color":"var(--ast-global-color-5)","background-image":"","background-repeat":"repeat","background-position":"center center","background-size":"auto","background-attachment":"scroll","background-type":"","background-media":"","overlay-type":"","overlay-color":"","overlay-opacity":"","overlay-gradient":""}},"footnotes":""},"class_list":["post-2581","page","type-page","status-publish","hentry"],"acf":[],"yoast_head":"<!-- This site is optimized with the Yoast SEO plugin v24.7 - https:\/\/yoast.com\/wordpress\/plugins\/seo\/ -->\n<title>KORDUMA KIPPUVAD K\u00dcSIMUSED | Plumm\u00e9 Beauty<\/title>\n<meta name=\"robots\" content=\"index, follow, max-snippet:-1, max-image-preview:large, max-video-preview:-1\" \/>\n<link rel=\"canonical\" href=\"https:\/\/plummebeauty.com\/et\/kkk\/\" \/>\n<meta property=\"og:locale\" content=\"et_EE\" \/>\n<meta property=\"og:type\" content=\"article\" \/>\n<meta property=\"og:title\" content=\"KORDUMA KIPPUVAD K\u00dcSIMUSED | Plumm\u00e9 Beauty\" \/>\n<meta property=\"og:url\" content=\"https:\/\/plummebeauty.com\/et\/kkk\/\" \/>\n<meta property=\"og:site_name\" content=\"Plumm\u00e9 Beauty\" \/>\n<meta property=\"article:publisher\" content=\"https:\/\/www.facebook.com\/plummebeauty\" \/>\n<meta property=\"article:modified_time\" content=\"2022-06-08T10:55:19+00:00\" \/>\n<meta name=\"twitter:card\" content=\"summary_large_image\" \/>\n<meta name=\"twitter:label1\" content=\"Est. reading time\" \/>\n\t<meta name=\"twitter:data1\" content=\"2 minutit\" \/>\n<script type=\"application\/ld+json\" class=\"yoast-schema-graph\">{\"@context\":\"https:\/\/schema.org\",\"@graph\":[{\"@type\":\"WebPage\",\"@id\":\"https:\/\/plummebeauty.com\/et\/kkk\/\",\"url\":\"https:\/\/plummebeauty.com\/et\/kkk\/\",\"name\":\"KORDUMA KIPPUVAD K\u00dcSIMUSED | Plumm\u00e9 Beauty\",\"isPartOf\":{\"@id\":\"https:\/\/plummebeauty.com\/et\/#website\"},\"datePublished\":\"2022-05-04T13:32:39+00:00\",\"dateModified\":\"2022-06-08T10:55:19+00:00\",\"breadcrumb\":{\"@id\":\"https:\/\/plummebeauty.com\/et\/kkk\/#breadcrumb\"},\"inLanguage\":\"et\",\"potentialAction\":[{\"@type\":\"ReadAction\",\"target\":[\"https:\/\/plummebeauty.com\/et\/kkk\/\"]}]},{\"@type\":\"BreadcrumbList\",\"@id\":\"https:\/\/plummebeauty.com\/et\/kkk\/#breadcrumb\",\"itemListElement\":[{\"@type\":\"ListItem\",\"position\":1,\"name\":\"Home\",\"item\":\"https:\/\/plummebeauty.com\/et\/\"},{\"@type\":\"ListItem\",\"position\":2,\"name\":\"KORDUMA KIPPUVAD K\u00dcSIMUSED\"}]},{\"@type\":\"WebSite\",\"@id\":\"https:\/\/plummebeauty.com\/et\/#website\",\"url\":\"https:\/\/plummebeauty.com\/et\/\",\"name\":\"Plumm\u00e9 Beauty | Pure Plum Beauty Oil\",\"description\":\"Pure Plum Beauty Oil for Your Skin &amp; Hair\",\"publisher\":{\"@id\":\"https:\/\/plummebeauty.com\/et\/#organization\"},\"potentialAction\":[{\"@type\":\"SearchAction\",\"target\":{\"@type\":\"EntryPoint\",\"urlTemplate\":\"https:\/\/plummebeauty.com\/et\/?s={search_term_string}\"},\"query-input\":{\"@type\":\"PropertyValueSpecification\",\"valueRequired\":true,\"valueName\":\"search_term_string\"}}],\"inLanguage\":\"et\"},{\"@type\":\"Organization\",\"@id\":\"https:\/\/plummebeauty.com\/et\/#organization\",\"name\":\"Plumm\u00e9 Beauty | Pure Plum Beauty Oil\",\"url\":\"https:\/\/plummebeauty.com\/et\/\",\"logo\":{\"@type\":\"ImageObject\",\"inLanguage\":\"et\",\"@id\":\"https:\/\/plummebeauty.com\/et\/#\/schema\/logo\/image\/\",\"url\":\"https:\/\/plummebeauty.com\/wp-content\/uploads\/plummelogo.svg\",\"contentUrl\":\"https:\/\/plummebeauty.com\/wp-content\/uploads\/plummelogo.svg\",\"caption\":\"Plumm\u00e9 Beauty | Pure Plum Beauty Oil\"},\"image\":{\"@id\":\"https:\/\/plummebeauty.com\/et\/#\/schema\/logo\/image\/\"},\"sameAs\":[\"https:\/\/www.facebook.com\/plummebeauty\",\"https:\/\/instagram.com\/plummebeauty\"]}]}<\/script>\n<!-- \/ Yoast SEO plugin. -->","yoast_head_json":{"title":"KORDUMA KIPPUVAD K\u00dcSIMUSED | Plumm\u00e9 Beauty","robots":{"index":"index","follow":"follow","max-snippet":"max-snippet:-1","max-image-preview":"max-image-preview:large","max-video-preview":"max-video-preview:-1"},"canonical":"https:\/\/plummebeauty.com\/et\/kkk\/","og_locale":"et_EE","og_type":"article","og_title":"KORDUMA KIPPUVAD K\u00dcSIMUSED | Plumm\u00e9 Beauty","og_url":"https:\/\/plummebeauty.com\/et\/kkk\/","og_site_name":"Plumm\u00e9 Beauty","article_publisher":"https:\/\/www.facebook.com\/plummebeauty","article_modified_time":"2022-06-08T10:55:19+00:00","twitter_card":"summary_large_image","twitter_misc":{"Est. reading time":"2 minutit"},"schema":{"@context":"https:\/\/schema.org","@graph":[{"@type":"WebPage","@id":"https:\/\/plummebeauty.com\/et\/kkk\/","url":"https:\/\/plummebeauty.com\/et\/kkk\/","name":"KORDUMA KIPPUVAD K\u00dcSIMUSED | Plumm\u00e9 Beauty","isPartOf":{"@id":"https:\/\/plummebeauty.com\/et\/#website"},"datePublished":"2022-05-04T13:32:39+00:00","dateModified":"2022-06-08T10:55:19+00:00","breadcrumb":{"@id":"https:\/\/plummebeauty.com\/et\/kkk\/#breadcrumb"},"inLanguage":"et","potentialAction":[{"@type":"ReadAction","target":["https:\/\/plummebeauty.com\/et\/kkk\/"]}]},{"@type":"BreadcrumbList","@id":"https:\/\/plummebeauty.com\/et\/kkk\/#breadcrumb","itemListElement":[{"@type":"ListItem","position":1,"name":"Home","item":"https:\/\/plummebeauty.com\/et\/"},{"@type":"ListItem","position":2,"name":"KORDUMA KIPPUVAD K\u00dcSIMUSED"}]},{"@type":"WebSite","@id":"https:\/\/plummebeauty.com\/et\/#website","url":"https:\/\/plummebeauty.com\/et\/","name":"Plumm\u00e9 Beauty | Pure Plum Beauty Oil","description":"Pure Plum Beauty Oil for Your Skin &amp; Hair","publisher":{"@id":"https:\/\/plummebeauty.com\/et\/#organization"},"potentialAction":[{"@type":"SearchAction","target":{"@type":"EntryPoint","urlTemplate":"https:\/\/plummebeauty.com\/et\/?s={search_term_string}"},"query-input":{"@type":"PropertyValueSpecification","valueRequired":true,"valueName":"search_term_string"}}],"inLanguage":"et"},{"@type":"Organization","@id":"https:\/\/plummebeauty.com\/et\/#organization","name":"Plumm\u00e9 Beauty | Pure Plum Beauty Oil","url":"https:\/\/plummebeauty.com\/et\/","logo":{"@type":"ImageObject","inLanguage":"et","@id":"https:\/\/plummebeauty.com\/et\/#\/schema\/logo\/image\/","url":"https:\/\/plummebeauty.com\/wp-content\/uploads\/plummelogo.svg","contentUrl":"https:\/\/plummebeauty.com\/wp-content\/uploads\/plummelogo.svg","caption":"Plumm\u00e9 Beauty | Pure Plum Beauty Oil"},"image":{"@id":"https:\/\/plummebeauty.com\/et\/#\/schema\/logo\/image\/"},"sameAs":["https:\/\/www.facebook.com\/plummebeauty","https:\/\/instagram.com\/plummebeauty"]}]}},"uagb_featured_image_src":{"full":false,"thumbnail":false,"medium":false,"medium_large":false,"large":false,"tf-client-image-size":false,"1536x1536":false,"2048x2048":false,"woocommerce_thumbnail":false,"woocommerce_single":false,"woocommerce_gallery_thumbnail":false},"uagb_author_info":{"display_name":"Raivo","author_link":"https:\/\/plummebeauty.com\/et\/author\/raivo\/"},"uagb_comment_info":0,"uagb_excerpt":null,"_links":{"self":[{"href":"https:\/\/plummebeauty.com\/et\/wp-json\/wp\/v2\/pages\/2581","targetHints":{"allow":["GET"]}}],"collection":[{"href":"https:\/\/plummebeauty.com\/et\/wp-json\/wp\/v2\/pages"}],"about":[{"href":"https:\/\/plummebeauty.com\/et\/wp-json\/wp\/v2\/types\/page"}],"author":[{"embeddable":true,"href":"https:\/\/plummebeauty.com\/et\/wp-json\/wp\/v2\/users\/1"}],"replies":[{"embeddable":true,"href":"https:\/\/plummebeauty.com\/et\/wp-json\/wp\/v2\/comments?post=2581"}],"version-history":[{"count":0,"href":"https:\/\/plummebeauty.com\/et\/wp-json\/wp\/v2\/pages\/2581\/revisions"}],"wp:attachment":[{"href":"https:\/\/plummebeauty.com\/et\/wp-json\/wp\/v2\/media?parent=2581"}],"curies":[{"name":"wp","href":"https:\/\/api.w.org\/{rel}","templated":true}]}}