{"id":524,"date":"2022-01-22T13:17:03","date_gmt":"2022-01-22T11:17:03","guid":{"rendered":"https:\/\/plummebeauty.com\/product\/pure-plum-beauty-oil-10ml\/"},"modified":"2026-04-04T07:04:07","modified_gmt":"2026-04-04T05:04:07","slug":"ploomi-iluoli-10ml","status":"publish","type":"product","link":"https:\/\/plummebeauty.com\/et\/toode\/ploomi-iluoli-10ml\/","title":{"rendered":"PLUMM\u00c9 Ploomi Ilu\u00f5li"},"content":{"rendered":"<p>Plumm\u00e9 ploomi ilu\u00f5li on multifunktsionaalne vananemisvastane naha- ja juuksehooldustoode. Aromaatne naturaalne ploomi\u00f5li niisutab ja toidab su nahka ning j\u00e4tab kauakestva s\u00e4ra igale nahat\u00fc\u00fcbile, imendudes kiiresti ja ennetades punnide teket. Plumm\u00e9 tooted on naturaalsed, mittekomedogeensed, julmusevabad, ilma s\u00e4ilitus- ja l\u00f5hnaaineteta ning on sobilikud veganitele.<\/p>\n<p>Kasutamine: Kanna m\u00f5ned tilgad puhtale nahale v\u00f5i sega niisutava kreemi sisse hommikul meigi alla ja \u00f5htul niisutajana oma \u00f5htuse nahahooldusrutiini osana. Lisaks v\u00f5ite kanda \u00f5li p\u00e4rast pesemist niiskete juuste otstesse, et kaitsta juukseid kuumakahjustuste eest.<\/p>\n","protected":false},"excerpt":{"rendered":"<p>Plumm\u00e9 ploomi ilu\u00f5li on multifunktsionaalne vananemisvastane naha- ja juuksehooldustoode. Aromaatne naturaalne ploomi\u00f5li niisutab ja toidab su nahka ning j\u00e4tab kauakestva s\u00e4ra igale nahat\u00fc\u00fcbile, imendudes kiiresti ja ennetades punnide teket. Plumm\u00e9 tooted on naturaalsed, mittekomedogeensed, julmusevabad, ilma s\u00e4ilitus- ja l\u00f5hnaaineteta ning on sobilikud veganitele.<\/p>\n","protected":false},"featured_media":3843,"comment_status":"open","ping_status":"closed","template":"","meta":{"_acf_changed":false,"_uag_custom_page_level_css":"","site-sidebar-layout":"default","site-content-layout":"default","ast-site-content-layout":"","site-content-style":"default","site-sidebar-style":"default","ast-global-header-display":"","ast-banner-title-visibility":"","ast-main-header-display":"","ast-hfb-above-header-display":"","ast-hfb-below-header-display":"","ast-hfb-mobile-header-display":"","site-post-title":"","ast-breadcrumbs-content":"","ast-featured-img":"","footer-sml-layout":"","theme-transparent-header-meta":"default","adv-header-id-meta":"","stick-header-meta":"default","header-above-stick-meta":"","header-main-stick-meta":"","header-below-stick-meta":"","astra-migrate-meta-layouts":"default","ast-page-background-enabled":"default","ast-page-background-meta":{"desktop":{"background-color":"var(--ast-global-color-4)","background-image":"","background-repeat":"repeat","background-position":"center center","background-size":"auto","background-attachment":"scroll","background-type":"","background-media":"","overlay-type":"","overlay-color":"","overlay-opacity":"","overlay-gradient":""},"tablet":{"background-color":"","background-image":"","background-repeat":"repeat","background-position":"center center","background-size":"auto","background-attachment":"scroll","background-type":"","background-media":"","overlay-type":"","overlay-color":"","overlay-opacity":"","overlay-gradient":""},"mobile":{"background-color":"","background-image":"","background-repeat":"repeat","background-position":"center center","background-size":"auto","background-attachment":"scroll","background-type":"","background-media":"","overlay-type":"","overlay-color":"","overlay-opacity":"","overlay-gradient":""}},"ast-content-background-meta":{"desktop":{"background-color":"var(--ast-global-color-5)","background-image":"","background-repeat":"repeat","background-position":"center center","background-size":"auto","background-attachment":"scroll","background-type":"","background-media":"","overlay-type":"","overlay-color":"","overlay-opacity":"","overlay-gradient":""},"tablet":{"background-color":"var(--ast-global-color-5)","background-image":"","background-repeat":"repeat","background-position":"center center","background-size":"auto","background-attachment":"scroll","background-type":"","background-media":"","overlay-type":"","overlay-color":"","overlay-opacity":"","overlay-gradient":""},"mobile":{"background-color":"var(--ast-global-color-5)","background-image":"","background-repeat":"repeat","background-position":"center center","background-size":"auto","background-attachment":"scroll","background-type":"","background-media":"","overlay-type":"","overlay-color":"","overlay-opacity":"","overlay-gradient":""}}},"product_brand":[],"product_cat":[28],"product_tag":[],"class_list":{"0":"post-524","1":"product","2":"type-product","3":"status-publish","4":"has-post-thumbnail","6":"product_cat-iluolid","7":"desktop-align-center","8":"tablet-align-center","9":"mobile-align-center","10":"ast-product-gallery-layout-vertical","11":"ast-magnify-disabled","12":"ast-product-tabs-layout-distributed","14":"first","15":"instock","16":"sale","17":"taxable","18":"shipping-taxable","19":"purchasable","20":"product-type-simple"},"acf":[],"yoast_head":"<!-- This site is optimized with the Yoast SEO plugin v24.7 - https:\/\/yoast.com\/wordpress\/plugins\/seo\/ -->\n<title>PLUMM\u00c9 Ploomi Ilu\u00f5li | Plumm\u00e9 Beauty<\/title>\n<meta name=\"description\" content=\"Plumm\u00e9 ploomi ilu\u00f5li on multifunktsionaalne vananemisvastane naha- ja juuksehooldustoode. Aromaatne naturaalne ploomi\u00f5li niisutab ja toidab su nahka.\" \/>\n<meta name=\"robots\" content=\"index, follow, max-snippet:-1, max-image-preview:large, max-video-preview:-1\" \/>\n<link rel=\"canonical\" href=\"https:\/\/plummebeauty.com\/et\/toode\/ploomi-iluoli-10ml\/\" \/>\n<meta property=\"og:locale\" content=\"et_EE\" \/>\n<meta property=\"og:type\" content=\"article\" \/>\n<meta property=\"og:title\" content=\"PLUMM\u00c9 Ploomi Ilu\u00f5li | Plumm\u00e9 Beauty\" \/>\n<meta property=\"og:description\" content=\"Plumm\u00e9 ploomi ilu\u00f5li on multifunktsionaalne vananemisvastane naha- ja juuksehooldustoode. Aromaatne naturaalne ploomi\u00f5li niisutab ja toidab su nahka.\" \/>\n<meta property=\"og:url\" content=\"https:\/\/plummebeauty.com\/et\/toode\/ploomi-iluoli-10ml\/\" \/>\n<meta property=\"og:site_name\" content=\"Plumm\u00e9 Beauty\" \/>\n<meta property=\"article:publisher\" content=\"https:\/\/www.facebook.com\/plummebeauty\" \/>\n<meta property=\"article:modified_time\" content=\"2026-04-04T05:04:07+00:00\" \/>\n<meta property=\"og:image\" content=\"https:\/\/plummebeauty.com\/wp-content\/uploads\/10ml_plumme_beauty_oil_auhinnad3.jpg\" \/>\n\t<meta property=\"og:image:width\" content=\"2048\" \/>\n\t<meta property=\"og:image:height\" content=\"2560\" \/>\n\t<meta property=\"og:image:type\" content=\"image\/jpeg\" \/>\n<meta name=\"twitter:card\" content=\"summary_large_image\" \/>\n<meta name=\"twitter:label1\" content=\"Est. reading time\" \/>\n\t<meta name=\"twitter:data1\" content=\"1 minut\" \/>\n<script type=\"application\/ld+json\" class=\"yoast-schema-graph\">{\"@context\":\"https:\/\/schema.org\",\"@graph\":[{\"@type\":\"WebPage\",\"@id\":\"https:\/\/plummebeauty.com\/et\/toode\/ploomi-iluoli-10ml\/\",\"url\":\"https:\/\/plummebeauty.com\/et\/toode\/ploomi-iluoli-10ml\/\",\"name\":\"PLUMM\u00c9 Ploomi Ilu\u00f5li | Plumm\u00e9 Beauty\",\"isPartOf\":{\"@id\":\"https:\/\/plummebeauty.com\/et\/#website\"},\"primaryImageOfPage\":{\"@id\":\"https:\/\/plummebeauty.com\/et\/toode\/ploomi-iluoli-10ml\/#primaryimage\"},\"image\":{\"@id\":\"https:\/\/plummebeauty.com\/et\/toode\/ploomi-iluoli-10ml\/#primaryimage\"},\"thumbnailUrl\":\"https:\/\/plummebeauty.com\/wp-content\/uploads\/10ml_plumme_beauty_oil_auhinnad3.jpg\",\"datePublished\":\"2022-01-22T11:17:03+00:00\",\"dateModified\":\"2026-04-04T05:04:07+00:00\",\"description\":\"Plumm\u00e9 ploomi ilu\u00f5li on multifunktsionaalne vananemisvastane naha- ja juuksehooldustoode. Aromaatne naturaalne ploomi\u00f5li niisutab ja toidab su nahka.\",\"breadcrumb\":{\"@id\":\"https:\/\/plummebeauty.com\/et\/toode\/ploomi-iluoli-10ml\/#breadcrumb\"},\"inLanguage\":\"et\",\"potentialAction\":[{\"@type\":\"ReadAction\",\"target\":[\"https:\/\/plummebeauty.com\/et\/toode\/ploomi-iluoli-10ml\/\"]}]},{\"@type\":\"ImageObject\",\"inLanguage\":\"et\",\"@id\":\"https:\/\/plummebeauty.com\/et\/toode\/ploomi-iluoli-10ml\/#primaryimage\",\"url\":\"https:\/\/plummebeauty.com\/wp-content\/uploads\/10ml_plumme_beauty_oil_auhinnad3.jpg\",\"contentUrl\":\"https:\/\/plummebeauty.com\/wp-content\/uploads\/10ml_plumme_beauty_oil_auhinnad3.jpg\",\"width\":2048,\"height\":2560},{\"@type\":\"BreadcrumbList\",\"@id\":\"https:\/\/plummebeauty.com\/et\/toode\/ploomi-iluoli-10ml\/#breadcrumb\",\"itemListElement\":[{\"@type\":\"ListItem\",\"position\":1,\"name\":\"Home\",\"item\":\"https:\/\/plummebeauty.com\/et\/\"},{\"@type\":\"ListItem\",\"position\":2,\"name\":\"Pood\",\"item\":\"https:\/\/plummebeauty.com\/et\/pood\/\"},{\"@type\":\"ListItem\",\"position\":3,\"name\":\"PLUMM\u00c9 Ploomi Ilu\u00f5li\"}]},{\"@type\":\"WebSite\",\"@id\":\"https:\/\/plummebeauty.com\/et\/#website\",\"url\":\"https:\/\/plummebeauty.com\/et\/\",\"name\":\"Plumm\u00e9 Beauty | Pure Plum Beauty Oil\",\"description\":\"Pure Plum Beauty Oil for Your Skin &amp; Hair\",\"publisher\":{\"@id\":\"https:\/\/plummebeauty.com\/et\/#organization\"},\"potentialAction\":[{\"@type\":\"SearchAction\",\"target\":{\"@type\":\"EntryPoint\",\"urlTemplate\":\"https:\/\/plummebeauty.com\/et\/?s={search_term_string}\"},\"query-input\":{\"@type\":\"PropertyValueSpecification\",\"valueRequired\":true,\"valueName\":\"search_term_string\"}}],\"inLanguage\":\"et\"},{\"@type\":\"Organization\",\"@id\":\"https:\/\/plummebeauty.com\/et\/#organization\",\"name\":\"Plumm\u00e9 Beauty | Pure Plum Beauty Oil\",\"url\":\"https:\/\/plummebeauty.com\/et\/\",\"logo\":{\"@type\":\"ImageObject\",\"inLanguage\":\"et\",\"@id\":\"https:\/\/plummebeauty.com\/et\/#\/schema\/logo\/image\/\",\"url\":\"https:\/\/plummebeauty.com\/wp-content\/uploads\/plummelogo.svg\",\"contentUrl\":\"https:\/\/plummebeauty.com\/wp-content\/uploads\/plummelogo.svg\",\"caption\":\"Plumm\u00e9 Beauty | Pure Plum Beauty Oil\"},\"image\":{\"@id\":\"https:\/\/plummebeauty.com\/et\/#\/schema\/logo\/image\/\"},\"sameAs\":[\"https:\/\/www.facebook.com\/plummebeauty\",\"https:\/\/instagram.com\/plummebeauty\"]}]}<\/script>\n<!-- \/ Yoast SEO plugin. -->","yoast_head_json":{"title":"PLUMM\u00c9 Ploomi Ilu\u00f5li | Plumm\u00e9 Beauty","description":"Plumm\u00e9 ploomi ilu\u00f5li on multifunktsionaalne vananemisvastane naha- ja juuksehooldustoode. Aromaatne naturaalne ploomi\u00f5li niisutab ja toidab su nahka.","robots":{"index":"index","follow":"follow","max-snippet":"max-snippet:-1","max-image-preview":"max-image-preview:large","max-video-preview":"max-video-preview:-1"},"canonical":"https:\/\/plummebeauty.com\/et\/toode\/ploomi-iluoli-10ml\/","og_locale":"et_EE","og_type":"article","og_title":"PLUMM\u00c9 Ploomi Ilu\u00f5li | Plumm\u00e9 Beauty","og_description":"Plumm\u00e9 ploomi ilu\u00f5li on multifunktsionaalne vananemisvastane naha- ja juuksehooldustoode. Aromaatne naturaalne ploomi\u00f5li niisutab ja toidab su nahka.","og_url":"https:\/\/plummebeauty.com\/et\/toode\/ploomi-iluoli-10ml\/","og_site_name":"Plumm\u00e9 Beauty","article_publisher":"https:\/\/www.facebook.com\/plummebeauty","article_modified_time":"2026-04-04T05:04:07+00:00","og_image":[{"width":2048,"height":2560,"url":"https:\/\/plummebeauty.com\/wp-content\/uploads\/10ml_plumme_beauty_oil_auhinnad3.jpg","type":"image\/jpeg"}],"twitter_card":"summary_large_image","twitter_misc":{"Est. reading time":"1 minut"},"schema":{"@context":"https:\/\/schema.org","@graph":[{"@type":"WebPage","@id":"https:\/\/plummebeauty.com\/et\/toode\/ploomi-iluoli-10ml\/","url":"https:\/\/plummebeauty.com\/et\/toode\/ploomi-iluoli-10ml\/","name":"PLUMM\u00c9 Ploomi Ilu\u00f5li | Plumm\u00e9 Beauty","isPartOf":{"@id":"https:\/\/plummebeauty.com\/et\/#website"},"primaryImageOfPage":{"@id":"https:\/\/plummebeauty.com\/et\/toode\/ploomi-iluoli-10ml\/#primaryimage"},"image":{"@id":"https:\/\/plummebeauty.com\/et\/toode\/ploomi-iluoli-10ml\/#primaryimage"},"thumbnailUrl":"https:\/\/plummebeauty.com\/wp-content\/uploads\/10ml_plumme_beauty_oil_auhinnad3.jpg","datePublished":"2022-01-22T11:17:03+00:00","dateModified":"2026-04-04T05:04:07+00:00","description":"Plumm\u00e9 ploomi ilu\u00f5li on multifunktsionaalne vananemisvastane naha- ja juuksehooldustoode. Aromaatne naturaalne ploomi\u00f5li niisutab ja toidab su nahka.","breadcrumb":{"@id":"https:\/\/plummebeauty.com\/et\/toode\/ploomi-iluoli-10ml\/#breadcrumb"},"inLanguage":"et","potentialAction":[{"@type":"ReadAction","target":["https:\/\/plummebeauty.com\/et\/toode\/ploomi-iluoli-10ml\/"]}]},{"@type":"ImageObject","inLanguage":"et","@id":"https:\/\/plummebeauty.com\/et\/toode\/ploomi-iluoli-10ml\/#primaryimage","url":"https:\/\/plummebeauty.com\/wp-content\/uploads\/10ml_plumme_beauty_oil_auhinnad3.jpg","contentUrl":"https:\/\/plummebeauty.com\/wp-content\/uploads\/10ml_plumme_beauty_oil_auhinnad3.jpg","width":2048,"height":2560},{"@type":"BreadcrumbList","@id":"https:\/\/plummebeauty.com\/et\/toode\/ploomi-iluoli-10ml\/#breadcrumb","itemListElement":[{"@type":"ListItem","position":1,"name":"Home","item":"https:\/\/plummebeauty.com\/et\/"},{"@type":"ListItem","position":2,"name":"Pood","item":"https:\/\/plummebeauty.com\/et\/pood\/"},{"@type":"ListItem","position":3,"name":"PLUMM\u00c9 Ploomi Ilu\u00f5li"}]},{"@type":"WebSite","@id":"https:\/\/plummebeauty.com\/et\/#website","url":"https:\/\/plummebeauty.com\/et\/","name":"Plumm\u00e9 Beauty | Pure Plum Beauty Oil","description":"Pure Plum Beauty Oil for Your Skin &amp; Hair","publisher":{"@id":"https:\/\/plummebeauty.com\/et\/#organization"},"potentialAction":[{"@type":"SearchAction","target":{"@type":"EntryPoint","urlTemplate":"https:\/\/plummebeauty.com\/et\/?s={search_term_string}"},"query-input":{"@type":"PropertyValueSpecification","valueRequired":true,"valueName":"search_term_string"}}],"inLanguage":"et"},{"@type":"Organization","@id":"https:\/\/plummebeauty.com\/et\/#organization","name":"Plumm\u00e9 Beauty | Pure Plum Beauty Oil","url":"https:\/\/plummebeauty.com\/et\/","logo":{"@type":"ImageObject","inLanguage":"et","@id":"https:\/\/plummebeauty.com\/et\/#\/schema\/logo\/image\/","url":"https:\/\/plummebeauty.com\/wp-content\/uploads\/plummelogo.svg","contentUrl":"https:\/\/plummebeauty.com\/wp-content\/uploads\/plummelogo.svg","caption":"Plumm\u00e9 Beauty | Pure Plum Beauty Oil"},"image":{"@id":"https:\/\/plummebeauty.com\/et\/#\/schema\/logo\/image\/"},"sameAs":["https:\/\/www.facebook.com\/plummebeauty","https:\/\/instagram.com\/plummebeauty"]}]}},"uagb_featured_image_src":{"full":["https:\/\/plummebeauty.com\/wp-content\/uploads\/10ml_plumme_beauty_oil_auhinnad3.jpg",2048,2560,false],"thumbnail":["https:\/\/plummebeauty.com\/wp-content\/uploads\/10ml_plumme_beauty_oil_auhinnad3-150x150.jpg",150,150,true],"medium":["https:\/\/plummebeauty.com\/wp-content\/uploads\/10ml_plumme_beauty_oil_auhinnad3-240x300.jpg",240,300,true],"medium_large":["https:\/\/plummebeauty.com\/wp-content\/uploads\/10ml_plumme_beauty_oil_auhinnad3-768x960.jpg",768,960,true],"large":["https:\/\/plummebeauty.com\/wp-content\/uploads\/10ml_plumme_beauty_oil_auhinnad3-819x1024.jpg",819,1024,true],"tf-client-image-size":["https:\/\/plummebeauty.com\/wp-content\/uploads\/10ml_plumme_beauty_oil_auhinnad3-120x120.jpg",120,120,true],"1536x1536":["https:\/\/plummebeauty.com\/wp-content\/uploads\/10ml_plumme_beauty_oil_auhinnad3-1229x1536.jpg",1229,1536,true],"2048x2048":["https:\/\/plummebeauty.com\/wp-content\/uploads\/10ml_plumme_beauty_oil_auhinnad3-1638x2048.jpg",1638,2048,true],"woocommerce_thumbnail":["https:\/\/plummebeauty.com\/wp-content\/uploads\/10ml_plumme_beauty_oil_auhinnad3-400x500.jpg",400,500,true],"woocommerce_single":["https:\/\/plummebeauty.com\/wp-content\/uploads\/10ml_plumme_beauty_oil_auhinnad3-600x750.jpg",600,750,true],"woocommerce_gallery_thumbnail":["https:\/\/plummebeauty.com\/wp-content\/uploads\/10ml_plumme_beauty_oil_auhinnad3-200x200.jpg",200,200,true]},"uagb_author_info":{"display_name":"Raivo","author_link":"https:\/\/plummebeauty.com\/et\/author\/"},"uagb_comment_info":31,"uagb_excerpt":"Plumm\u00e9 ploomi ilu\u00f5li on multifunktsionaalne vananemisvastane naha- ja juuksehooldustoode. Aromaatne naturaalne ploomi\u00f5li niisutab ja toidab su nahka ning j\u00e4tab kauakestva s\u00e4ra igale nahat\u00fc\u00fcbile, imendudes kiiresti ja ennetades punnide teket. Plumm\u00e9 tooted on naturaalsed, mittekomedogeensed, julmusevabad, ilma s\u00e4ilitus- ja l\u00f5hnaaineteta ning on sobilikud veganitele.","_links":{"self":[{"href":"https:\/\/plummebeauty.com\/et\/wp-json\/wp\/v2\/product\/524","targetHints":{"allow":["GET"]}}],"collection":[{"href":"https:\/\/plummebeauty.com\/et\/wp-json\/wp\/v2\/product"}],"about":[{"href":"https:\/\/plummebeauty.com\/et\/wp-json\/wp\/v2\/types\/product"}],"replies":[{"embeddable":true,"href":"https:\/\/plummebeauty.com\/et\/wp-json\/wp\/v2\/comments?post=524"}],"wp:featuredmedia":[{"embeddable":true,"href":"https:\/\/plummebeauty.com\/et\/wp-json\/wp\/v2\/media\/3843"}],"wp:attachment":[{"href":"https:\/\/plummebeauty.com\/et\/wp-json\/wp\/v2\/media?parent=524"}],"wp:term":[{"taxonomy":"product_brand","embeddable":true,"href":"https:\/\/plummebeauty.com\/et\/wp-json\/wp\/v2\/product_brand?post=524"},{"taxonomy":"product_cat","embeddable":true,"href":"https:\/\/plummebeauty.com\/et\/wp-json\/wp\/v2\/product_cat?post=524"},{"taxonomy":"product_tag","embeddable":true,"href":"https:\/\/plummebeauty.com\/et\/wp-json\/wp\/v2\/product_tag?post=524"}],"curies":[{"name":"wp","href":"https:\/\/api.w.org\/{rel}","templated":true}]}}